{"id":146,"date":"2021-02-18T18:22:23","date_gmt":"2021-02-18T18:22:23","guid":{"rendered":"https:\/\/entomoteca.web.uma.pt\/?page_id=146"},"modified":"2024-07-14T17:24:36","modified_gmt":"2024-07-14T17:24:36","slug":"colecao-pedagogica","status":"publish","type":"page","link":"https:\/\/entomoteca.web.uma.pt\/en\/colecao-pedagogica\/","title":{"rendered":"Pedagogical Collection"},"content":{"rendered":"<div data-elementor-type=\"wp-page\" data-elementor-id=\"146\" class=\"elementor elementor-146\">\n\t\t\t\t\t\t<section class=\"elementor-section elementor-top-section elementor-element elementor-element-913e211 elementor-section-boxed elementor-section-height-default elementor-section-height-default\" data-id=\"913e211\" data-element_type=\"section\">\n\t\t\t\t\t\t<div class=\"elementor-container elementor-column-gap-default\">\n\t\t\t\t\t<div class=\"elementor-column elementor-col-100 elementor-top-column elementor-element elementor-element-19f1dd2\" data-id=\"19f1dd2\" data-element_type=\"column\">\n\t\t\t<div class=\"elementor-widget-wrap elementor-element-populated\">\n\t\t\t\t\t\t<div class=\"elementor-element elementor-element-0eecf25 elementor-widget elementor-widget-spacer\" data-id=\"0eecf25\" data-element_type=\"widget\" data-widget_type=\"spacer.default\">\n\t\t\t\t<div class=\"elementor-widget-container\">\n\t\t\t\t\t\t\t<div class=\"elementor-spacer\">\n\t\t\t<div class=\"elementor-spacer-inner\"><\/div>\n\t\t<\/div>\n\t\t\t\t\t\t<\/div>\n\t\t\t\t<\/div>\n\t\t\t\t\t<\/div>\n\t\t<\/div>\n\t\t\t\t\t<\/div>\n\t\t<\/section>\n\t\t\t\t<section class=\"elementor-section elementor-top-section elementor-element elementor-element-1cca0dd elementor-section-boxed elementor-section-height-default elementor-section-height-default\" data-id=\"1cca0dd\" data-element_type=\"section\">\n\t\t\t\t\t\t<div class=\"elementor-container elementor-column-gap-default\">\n\t\t\t\t\t<div class=\"elementor-column elementor-col-100 elementor-top-column elementor-element elementor-element-4d00dab\" data-id=\"4d00dab\" data-element_type=\"column\">\n\t\t\t<div class=\"elementor-widget-wrap elementor-element-populated\">\n\t\t\t\t\t\t<div class=\"elementor-element elementor-element-3aa8c43 elementor-widget elementor-widget-heading\" data-id=\"3aa8c43\" data-element_type=\"widget\" data-widget_type=\"heading.default\">\n\t\t\t\t<div class=\"elementor-widget-container\">\n\t\t\t\t\t<h2 class=\"elementor-heading-title elementor-size-default\">Pedagogical Collection<\/h2>\t\t\t\t<\/div>\n\t\t\t\t<\/div>\n\t\t\t\t\t<\/div>\n\t\t<\/div>\n\t\t\t\t\t<\/div>\n\t\t<\/section>\n\t\t\t\t<section class=\"elementor-section elementor-top-section elementor-element elementor-element-3e486887 elementor-section-boxed elementor-section-height-default elementor-section-height-default\" data-id=\"3e486887\" data-element_type=\"section\">\n\t\t\t\t\t\t<div class=\"elementor-container elementor-column-gap-default\">\n\t\t\t\t\t<div class=\"elementor-column elementor-col-100 elementor-top-column elementor-element elementor-element-504a8940\" data-id=\"504a8940\" data-element_type=\"column\">\n\t\t\t<div class=\"elementor-widget-wrap elementor-element-populated\">\n\t\t\t\t\t\t<div class=\"elementor-element elementor-element-f4c380c elementor-widget elementor-widget-text-editor\" data-id=\"f4c380c\" data-element_type=\"widget\" data-widget_type=\"text-editor.default\">\n\t\t\t\t<div class=\"elementor-widget-container\">\n\t\t\t\t\t\t\t\t\t<p><span style=\"font-size: 1.3rem; background-color: var(--ast-global-color-5);\">A cole\u00e7\u00e3o pedag\u00f3gica foi criada em 1998 como ferramenta para lecionar unidades curriculares na Universidade da Madeira. Todos os anos, os alunos de diversos cursos contribuem para esta cole\u00e7\u00e3o, atrav\u00e9s de pequenas cole\u00e7\u00f5es realizadas no \u00e2mbito das UC&#8217;s. A maioria dos esp\u00e9cimes est\u00e3o conservados a seco, no primeiro andar da Faculdade de Ci\u00eancias da Vida. Al\u00e9m disso, existem outros esp\u00e9cimes conservados em \u00e1lcool. Esta cole\u00e7\u00e3o conta tamb\u00e9m com alguns exemplares de Aracn\u00eddeos, Dipl\u00f3podos, Chil\u00f3podes, moluscos terrestres e nematodes. As cole\u00e7\u00f5es est\u00e3o sempre em constante crescimento.<\/span><\/p>\t\t\t\t\t\t\t\t<\/div>\n\t\t\t\t<\/div>\n\t\t\t\t\t<\/div>\n\t\t<\/div>\n\t\t\t\t\t<\/div>\n\t\t<\/section>\n\t\t\t\t<section class=\"elementor-section elementor-top-section elementor-element elementor-element-6bd6395 elementor-section-boxed elementor-section-height-default elementor-section-height-default\" data-id=\"6bd6395\" data-element_type=\"section\">\n\t\t\t\t\t\t<div class=\"elementor-container elementor-column-gap-default\">\n\t\t\t\t\t<div class=\"elementor-column elementor-col-100 elementor-top-column elementor-element elementor-element-d11246c\" data-id=\"d11246c\" data-element_type=\"column\">\n\t\t\t<div class=\"elementor-widget-wrap elementor-element-populated\">\n\t\t\t\t\t\t<div class=\"elementor-element elementor-element-87e03cf elementor-widget elementor-widget-image\" data-id=\"87e03cf\" data-element_type=\"widget\" data-widget_type=\"image.default\">\n\t\t\t\t<div class=\"elementor-widget-container\">\n\t\t\t\t\t\t\t\t\t\t\t\t\t\t\t<img fetchpriority=\"high\" decoding=\"async\" width=\"768\" height=\"512\" src=\"https:\/\/entomoteca.web.uma.pt\/wp-content\/uploads\/2022\/09\/IMG_9803_Easy-Resize.com_-768x512.jpg\" class=\"attachment-medium_large size-medium_large wp-image-2686\" alt=\"\" srcset=\"https:\/\/entomoteca.web.uma.pt\/wp-content\/uploads\/2022\/09\/IMG_9803_Easy-Resize.com_-768x512.jpg 768w, https:\/\/entomoteca.web.uma.pt\/wp-content\/uploads\/2022\/09\/IMG_9803_Easy-Resize.com_-300x200.jpg 300w, https:\/\/entomoteca.web.uma.pt\/wp-content\/uploads\/2022\/09\/IMG_9803_Easy-Resize.com_-1024x683.jpg 1024w, https:\/\/entomoteca.web.uma.pt\/wp-content\/uploads\/2022\/09\/IMG_9803_Easy-Resize.com_-1536x1024.jpg 1536w, https:\/\/entomoteca.web.uma.pt\/wp-content\/uploads\/2022\/09\/IMG_9803_Easy-Resize.com_-18x12.jpg 18w, https:\/\/entomoteca.web.uma.pt\/wp-content\/uploads\/2022\/09\/IMG_9803_Easy-Resize.com_.jpg 2048w\" sizes=\"(max-width: 768px) 100vw, 768px\" \/>\t\t\t\t\t\t\t\t\t\t\t\t\t\t\t<\/div>\n\t\t\t\t<\/div>\n\t\t\t\t\t<\/div>\n\t\t<\/div>\n\t\t\t\t\t<\/div>\n\t\t<\/section>\n\t\t\t\t<section class=\"elementor-section elementor-top-section elementor-element elementor-element-850431d elementor-section-boxed elementor-section-height-default elementor-section-height-default\" data-id=\"850431d\" data-element_type=\"section\">\n\t\t\t\t\t\t<div class=\"elementor-container elementor-column-gap-default\">\n\t\t\t\t\t<div class=\"elementor-column elementor-col-100 elementor-top-column elementor-element elementor-element-be2dbaa\" data-id=\"be2dbaa\" data-element_type=\"column\">\n\t\t\t<div class=\"elementor-widget-wrap elementor-element-populated\">\n\t\t\t\t\t\t<div class=\"elementor-element elementor-element-c2e2229 elementor-widget elementor-widget-heading\" data-id=\"c2e2229\" data-element_type=\"widget\" data-widget_type=\"heading.default\">\n\t\t\t\t<div class=\"elementor-widget-container\">\n\t\t\t\t\t<h2 class=\"elementor-heading-title elementor-size-default\">Geographic Range<\/h2>\t\t\t\t<\/div>\n\t\t\t\t<\/div>\n\t\t\t\t<div class=\"elementor-element elementor-element-97294e8 elementor-widget elementor-widget-text-editor\" data-id=\"97294e8\" data-element_type=\"widget\" data-widget_type=\"text-editor.default\">\n\t\t\t\t<div class=\"elementor-widget-container\">\n\t\t\t\t\t\t\t\t\t<p><span style=\"color: #000000; font-family: 'Work Sans', sans-serif; text-align: justify;\">Esta cole\u00e7\u00e3o abrange uma \u00e1rea geogr\u00e1fica que comprende os arquip\u00e9lagos da Madeira e A\u00e7ores, bem como algumas localidades de Portugal Continental.<\/span><\/p>\t\t\t\t\t\t\t\t<\/div>\n\t\t\t\t<\/div>\n\t\t\t\t<div class=\"elementor-element elementor-element-71178b5 animated-slow elementor-invisible elementor-widget elementor-widget-image\" data-id=\"71178b5\" data-element_type=\"widget\" data-settings=\"{&quot;_animation&quot;:&quot;slideInRight&quot;}\" data-widget_type=\"image.default\">\n\t\t\t\t<div class=\"elementor-widget-container\">\n\t\t\t\t\t\t\t\t\t\t\t\t\t\t\t<img decoding=\"async\" width=\"481\" height=\"291\" src=\"https:\/\/entomoteca.web.uma.pt\/wp-content\/uploads\/2022\/09\/mapa-colecao-pedagogica.jpg\" class=\"attachment-large size-large wp-image-2687\" alt=\"\" srcset=\"https:\/\/entomoteca.web.uma.pt\/wp-content\/uploads\/2022\/09\/mapa-colecao-pedagogica.jpg 481w, https:\/\/entomoteca.web.uma.pt\/wp-content\/uploads\/2022\/09\/mapa-colecao-pedagogica-300x181.jpg 300w, https:\/\/entomoteca.web.uma.pt\/wp-content\/uploads\/2022\/09\/mapa-colecao-pedagogica-18x12.jpg 18w\" sizes=\"(max-width: 481px) 100vw, 481px\" \/>\t\t\t\t\t\t\t\t\t\t\t\t\t\t\t<\/div>\n\t\t\t\t<\/div>\n\t\t\t\t\t<\/div>\n\t\t<\/div>\n\t\t\t\t\t<\/div>\n\t\t<\/section>\n\t\t\t\t<section class=\"elementor-section elementor-top-section elementor-element elementor-element-a2373f2 elementor-section-boxed elementor-section-height-default elementor-section-height-default\" data-id=\"a2373f2\" data-element_type=\"section\" data-settings=\"{&quot;background_background&quot;:&quot;classic&quot;}\">\n\t\t\t\t\t\t<div class=\"elementor-container elementor-column-gap-no\">\n\t\t\t\t\t<div class=\"elementor-column elementor-col-100 elementor-top-column elementor-element elementor-element-56021dd\" data-id=\"56021dd\" data-element_type=\"column\">\n\t\t\t<div class=\"elementor-widget-wrap elementor-element-populated\">\n\t\t\t\t\t\t<div class=\"elementor-element elementor-element-df54925 elementor-position-top elementor-widget elementor-widget-image-box\" data-id=\"df54925\" data-element_type=\"widget\" data-widget_type=\"image-box.default\">\n\t\t\t\t<div class=\"elementor-widget-container\">\n\t\t\t\t\t<div class=\"elementor-image-box-wrapper\"><figure class=\"elementor-image-box-img\"><img decoding=\"async\" width=\"320\" height=\"240\" src=\"https:\/\/entomoteca.web.uma.pt\/wp-content\/uploads\/2022\/09\/dora.jpg\" class=\"attachment-full size-full wp-image-2572\" alt=\"\" srcset=\"https:\/\/entomoteca.web.uma.pt\/wp-content\/uploads\/2022\/09\/dora.jpg 320w, https:\/\/entomoteca.web.uma.pt\/wp-content\/uploads\/2022\/09\/dora-300x225.jpg 300w, https:\/\/entomoteca.web.uma.pt\/wp-content\/uploads\/2022\/09\/dora-16x12.jpg 16w\" sizes=\"(max-width: 320px) 100vw, 320px\" \/><\/figure><div class=\"elementor-image-box-content\"><h3 class=\"elementor-image-box-title\">Dora Agu\u00edn Pombo<\/h3><p class=\"elementor-image-box-description\">responsible<\/p><\/div><\/div>\t\t\t\t<\/div>\n\t\t\t\t<\/div>\n\t\t\t\t<div class=\"elementor-element elementor-element-840b641 elementor-align-center elementor-widget elementor-widget-button\" data-id=\"840b641\" data-element_type=\"widget\" data-widget_type=\"button.default\">\n\t\t\t\t<div class=\"elementor-widget-container\">\n\t\t\t\t\t\t\t\t\t<div class=\"elementor-button-wrapper\">\n\t\t\t\t\t<a class=\"elementor-button elementor-button-link elementor-size-sm\" href=\"https:\/\/entomoteca.web.uma.pt\/en\/dapombo\/\">\n\t\t\t\t\t\t<span class=\"elementor-button-content-wrapper\">\n\t\t\t\t\t\t\t\t\t<span class=\"elementor-button-text\">More<\/span>\n\t\t\t\t\t<\/span>\n\t\t\t\t\t<\/a>\n\t\t\t\t<\/div>\n\t\t\t\t\t\t\t\t<\/div>\n\t\t\t\t<\/div>\n\t\t\t\t<div class=\"elementor-element elementor-element-7d4c624 elementor-widget-divider--view-line elementor-widget elementor-widget-divider\" data-id=\"7d4c624\" data-element_type=\"widget\" data-widget_type=\"divider.default\">\n\t\t\t\t<div class=\"elementor-widget-container\">\n\t\t\t\t\t\t\t<div class=\"elementor-divider\">\n\t\t\t<span class=\"elementor-divider-separator\">\n\t\t\t\t\t\t<\/span>\n\t\t<\/div>\n\t\t\t\t\t\t<\/div>\n\t\t\t\t<\/div>\n\t\t\t\t<div class=\"elementor-element elementor-element-a2dd5ab elementor-shape-rounded elementor-grid-0 e-grid-align-center elementor-widget elementor-widget-social-icons\" data-id=\"a2dd5ab\" data-element_type=\"widget\" data-widget_type=\"social-icons.default\">\n\t\t\t\t<div class=\"elementor-widget-container\">\n\t\t\t\t\t\t\t<div class=\"elementor-social-icons-wrapper elementor-grid\" role=\"list\">\n\t\t\t\t\t\t\t<span class=\"elementor-grid-item\" role=\"listitem\">\n\t\t\t\t\t<a class=\"elementor-icon elementor-social-icon elementor-social-icon-facebook-f elementor-animation-grow elementor-repeater-item-8b93740\" target=\"_blank\">\n\t\t\t\t\t\t<span class=\"elementor-screen-only\">Facebook-f<\/span>\n\t\t\t\t\t\t<i class=\"fab fa-facebook-f\"><\/i>\t\t\t\t\t<\/a>\n\t\t\t\t<\/span>\n\t\t\t\t\t\t\t<span class=\"elementor-grid-item\" role=\"listitem\">\n\t\t\t\t\t<a class=\"elementor-icon elementor-social-icon elementor-social-icon-twitter elementor-animation-grow elementor-repeater-item-d2b7695\" target=\"_blank\">\n\t\t\t\t\t\t<span class=\"elementor-screen-only\">Twitter<\/span>\n\t\t\t\t\t\t<i class=\"fab fa-twitter\"><\/i>\t\t\t\t\t<\/a>\n\t\t\t\t<\/span>\n\t\t\t\t\t\t\t<span class=\"elementor-grid-item\" role=\"listitem\">\n\t\t\t\t\t<a class=\"elementor-icon elementor-social-icon elementor-social-icon-dribbble elementor-animation-grow elementor-repeater-item-0831677\" target=\"_blank\">\n\t\t\t\t\t\t<span class=\"elementor-screen-only\">Dribbble<\/span>\n\t\t\t\t\t\t<i class=\"fab fa-dribbble\"><\/i>\t\t\t\t\t<\/a>\n\t\t\t\t<\/span>\n\t\t\t\t\t\t\t<span class=\"elementor-grid-item\" role=\"listitem\">\n\t\t\t\t\t<a class=\"elementor-icon elementor-social-icon elementor-social-icon-behance elementor-animation-grow elementor-repeater-item-0ac3790\" target=\"_blank\">\n\t\t\t\t\t\t<span class=\"elementor-screen-only\">Behance<\/span>\n\t\t\t\t\t\t<i class=\"fab fa-behance\"><\/i>\t\t\t\t\t<\/a>\n\t\t\t\t<\/span>\n\t\t\t\t\t<\/div>\n\t\t\t\t\t\t<\/div>\n\t\t\t\t<\/div>\n\t\t\t\t\t<\/div>\n\t\t<\/div>\n\t\t\t\t\t<\/div>\n\t\t<\/section>\n\t\t\t\t<\/div>","protected":false},"excerpt":{"rendered":"<p>Cole\u00e7\u00e3o Pedag\u00f3gica A cole\u00e7\u00e3o pedag\u00f3gica foi criada em 1998 como ferramenta para lecionar unidades curriculares na Universidade da Madeira. Todos os anos, os alunos de diversos cursos contribuem para esta cole\u00e7\u00e3o, atrav\u00e9s de pequenas cole\u00e7\u00f5es realizadas no \u00e2mbito das UC&#8217;s. A maioria dos esp\u00e9cimes est\u00e3o conservados a seco, no primeiro andar da Faculdade de Ci\u00eancias &hellip;<\/p>\n<p class=\"read-more\"> <a class=\"\" href=\"https:\/\/entomoteca.web.uma.pt\/en\/colecao-pedagogica\/\"> <span class=\"screen-reader-text\">Pedagogical Collection<\/span> Read More &raquo;<\/a><\/p>","protected":false},"author":1,"featured_media":0,"parent":0,"menu_order":0,"comment_status":"closed","ping_status":"closed","template":"","meta":{"_eb_attr":"","site-sidebar-layout":"default","site-content-layout":"default","ast-global-header-display":"","ast-main-header-display":"","ast-hfb-above-header-display":"","ast-hfb-below-header-display":"","ast-hfb-mobile-header-display":"","site-post-title":"","ast-breadcrumbs-content":"","ast-featured-img":"","footer-sml-layout":"","theme-transparent-header-meta":"","adv-header-id-meta":"","stick-header-meta":"","header-above-stick-meta":"","header-main-stick-meta":"","header-below-stick-meta":"","footnotes":""},"class_list":["post-146","page","type-page","status-publish","hentry"],"_links":{"self":[{"href":"https:\/\/entomoteca.web.uma.pt\/en\/wp-json\/wp\/v2\/pages\/146","targetHints":{"allow":["GET"]}}],"collection":[{"href":"https:\/\/entomoteca.web.uma.pt\/en\/wp-json\/wp\/v2\/pages"}],"about":[{"href":"https:\/\/entomoteca.web.uma.pt\/en\/wp-json\/wp\/v2\/types\/page"}],"author":[{"embeddable":true,"href":"https:\/\/entomoteca.web.uma.pt\/en\/wp-json\/wp\/v2\/users\/1"}],"replies":[{"embeddable":true,"href":"https:\/\/entomoteca.web.uma.pt\/en\/wp-json\/wp\/v2\/comments?post=146"}],"version-history":[{"count":18,"href":"https:\/\/entomoteca.web.uma.pt\/en\/wp-json\/wp\/v2\/pages\/146\/revisions"}],"predecessor-version":[{"id":3023,"href":"https:\/\/entomoteca.web.uma.pt\/en\/wp-json\/wp\/v2\/pages\/146\/revisions\/3023"}],"wp:attachment":[{"href":"https:\/\/entomoteca.web.uma.pt\/en\/wp-json\/wp\/v2\/media?parent=146"}],"curies":[{"name":"wp","href":"https:\/\/api.w.org\/{rel}","templated":true}]}}