{"id":1979,"date":"2021-11-26T13:53:38","date_gmt":"2021-11-26T13:53:38","guid":{"rendered":"https:\/\/entomoteca.web.uma.pt\/?page_id=1979"},"modified":"2021-12-07T11:22:23","modified_gmt":"2021-12-07T11:22:23","slug":"apresentacaooficial","status":"publish","type":"page","link":"https:\/\/entomoteca.web.uma.pt\/en\/apresentacaooficial\/","title":{"rendered":"Presentation Madeira Insects"},"content":{"rendered":"<div data-elementor-type=\"wp-page\" data-elementor-id=\"1979\" class=\"elementor elementor-1979\">\n\t\t\t\t\t\t<section class=\"elementor-section elementor-top-section elementor-element elementor-element-e37bc51 elementor-section-boxed elementor-section-height-default elementor-section-height-default\" data-id=\"e37bc51\" data-element_type=\"section\">\n\t\t\t\t\t\t<div class=\"elementor-container elementor-column-gap-default\">\n\t\t\t\t\t<div class=\"elementor-column elementor-col-100 elementor-top-column elementor-element elementor-element-4084a8a\" data-id=\"4084a8a\" data-element_type=\"column\">\n\t\t\t<div class=\"elementor-widget-wrap elementor-element-populated\">\n\t\t\t\t\t\t<div class=\"elementor-element elementor-element-d07595a elementor-widget elementor-widget-spacer\" data-id=\"d07595a\" data-element_type=\"widget\" data-widget_type=\"spacer.default\">\n\t\t\t\t<div class=\"elementor-widget-container\">\n\t\t\t\t\t\t\t<div class=\"elementor-spacer\">\n\t\t\t<div class=\"elementor-spacer-inner\"><\/div>\n\t\t<\/div>\n\t\t\t\t\t\t<\/div>\n\t\t\t\t<\/div>\n\t\t\t\t<div class=\"elementor-element elementor-element-ed23909 elementor-widget elementor-widget-heading\" data-id=\"ed23909\" data-element_type=\"widget\" data-widget_type=\"heading.default\">\n\t\t\t\t<div class=\"elementor-widget-container\">\n\t\t\t\t\t<h2 class=\"elementor-heading-title elementor-size-default\">Os insetos e turismo na Madeira<\/h2>\t\t\t\t<\/div>\n\t\t\t\t<\/div>\n\t\t\t\t\t<\/div>\n\t\t<\/div>\n\t\t\t\t\t<\/div>\n\t\t<\/section>\n\t\t\t\t<section class=\"elementor-section elementor-top-section elementor-element elementor-element-17ad477 elementor-section-boxed elementor-section-height-default elementor-section-height-default\" data-id=\"17ad477\" data-element_type=\"section\">\n\t\t\t\t\t\t<div class=\"elementor-container elementor-column-gap-default\">\n\t\t\t\t\t<div class=\"elementor-column elementor-col-100 elementor-top-column elementor-element elementor-element-0c952de\" data-id=\"0c952de\" data-element_type=\"column\">\n\t\t\t<div class=\"elementor-widget-wrap elementor-element-populated\">\n\t\t\t\t\t\t<div class=\"elementor-element elementor-element-d6abed9 elementor-widget elementor-widget-image\" data-id=\"d6abed9\" data-element_type=\"widget\" data-widget_type=\"image.default\">\n\t\t\t\t<div class=\"elementor-widget-container\">\n\t\t\t\t\t\t\t\t\t\t\t\t\t\t\t<img fetchpriority=\"high\" decoding=\"async\" width=\"724\" height=\"1024\" src=\"https:\/\/entomoteca.web.uma.pt\/wp-content\/uploads\/2021\/11\/cartaz.jpg\" class=\"attachment-large size-large wp-image-1986\" alt=\"\" \/>\t\t\t\t\t\t\t\t\t\t\t\t\t\t\t<\/div>\n\t\t\t\t<\/div>\n\t\t\t\t\t<\/div>\n\t\t<\/div>\n\t\t\t\t\t<\/div>\n\t\t<\/section>\n\t\t\t\t<section class=\"elementor-section elementor-top-section elementor-element elementor-element-3b38168 elementor-section-boxed elementor-section-height-default elementor-section-height-default\" data-id=\"3b38168\" data-element_type=\"section\">\n\t\t\t\t\t\t<div class=\"elementor-container elementor-column-gap-default\">\n\t\t\t\t\t<div class=\"elementor-column elementor-col-100 elementor-top-column elementor-element elementor-element-cab2f64\" data-id=\"cab2f64\" data-element_type=\"column\">\n\t\t\t<div class=\"elementor-widget-wrap elementor-element-populated\">\n\t\t\t\t\t\t<div class=\"elementor-element elementor-element-76e304b elementor-widget elementor-widget-heading\" data-id=\"76e304b\" data-element_type=\"widget\" data-widget_type=\"heading.default\">\n\t\t\t\t<div class=\"elementor-widget-container\">\n\t\t\t\t\t<h2 class=\"elementor-heading-title elementor-size-default\">News<\/h2>\t\t\t\t<\/div>\n\t\t\t\t<\/div>\n\t\t\t\t\t<\/div>\n\t\t<\/div>\n\t\t\t\t\t<\/div>\n\t\t<\/section>\n\t\t\t\t<section class=\"elementor-section elementor-top-section elementor-element elementor-element-cf77aa7 elementor-section-boxed elementor-section-height-default elementor-section-height-default\" data-id=\"cf77aa7\" data-element_type=\"section\">\n\t\t\t\t\t\t<div class=\"elementor-container elementor-column-gap-default\">\n\t\t\t\t\t<div class=\"elementor-column elementor-col-100 elementor-top-column elementor-element elementor-element-3402283\" data-id=\"3402283\" data-element_type=\"column\">\n\t\t\t<div class=\"elementor-widget-wrap elementor-element-populated\">\n\t\t\t\t\t\t<div class=\"elementor-element elementor-element-fe93c40 elementor-widget elementor-widget-text-editor\" data-id=\"fe93c40\" data-element_type=\"widget\" data-widget_type=\"text-editor.default\">\n\t\t\t\t<div class=\"elementor-widget-container\">\n\t\t\t\t\t\t\t\t\t<p><strong>Reportagem RTP Madeira<\/strong><\/p>\t\t\t\t\t\t\t\t<\/div>\n\t\t\t\t<\/div>\n\t\t\t\t\t<\/div>\n\t\t<\/div>\n\t\t\t\t\t<\/div>\n\t\t<\/section>\n\t\t\t\t<section class=\"elementor-section elementor-top-section elementor-element elementor-element-c4e7c4a elementor-section-boxed elementor-section-height-default elementor-section-height-default\" data-id=\"c4e7c4a\" data-element_type=\"section\">\n\t\t\t\t\t\t<div class=\"elementor-container elementor-column-gap-default\">\n\t\t\t\t\t<div class=\"elementor-column elementor-col-100 elementor-top-column elementor-element elementor-element-e0ad86a\" data-id=\"e0ad86a\" data-element_type=\"column\">\n\t\t\t<div class=\"elementor-widget-wrap elementor-element-populated\">\n\t\t\t\t\t\t<div class=\"elementor-element elementor-element-a7adfb0 elementor-widget elementor-widget-video\" data-id=\"a7adfb0\" data-element_type=\"widget\" data-settings=\"{&quot;video_type&quot;:&quot;hosted&quot;,&quot;controls&quot;:&quot;yes&quot;}\" data-widget_type=\"video.default\">\n\t\t\t\t<div class=\"elementor-widget-container\">\n\t\t\t\t\t\t\t<div class=\"e-hosted-video elementor-wrapper elementor-open-inline\">\n\t\t\t\t\t<video class=\"elementor-video\" src=\"https:\/\/entomoteca.web.uma.pt\/wp-content\/uploads\/2021\/12\/ReportagemIM.mp4\" controls=\"\" preload=\"metadata\"><\/video>\n\t\t\t\t<\/div>\n\t\t\t\t\t\t<\/div>\n\t\t\t\t<\/div>\n\t\t\t\t\t<\/div>\n\t\t<\/div>\n\t\t\t\t\t<\/div>\n\t\t<\/section>\n\t\t\t\t<section class=\"elementor-section elementor-top-section elementor-element elementor-element-320a164 elementor-section-boxed elementor-section-height-default elementor-section-height-default\" data-id=\"320a164\" data-element_type=\"section\">\n\t\t\t\t\t\t<div class=\"elementor-container elementor-column-gap-default\">\n\t\t\t\t\t<div class=\"elementor-column elementor-col-100 elementor-top-column elementor-element elementor-element-2c2c6e5\" data-id=\"2c2c6e5\" data-element_type=\"column\">\n\t\t\t<div class=\"elementor-widget-wrap elementor-element-populated\">\n\t\t\t\t\t\t<div class=\"elementor-element elementor-element-34cfb15 elementor-widget elementor-widget-text-editor\" data-id=\"34cfb15\" data-element_type=\"widget\" data-widget_type=\"text-editor.default\">\n\t\t\t\t<div class=\"elementor-widget-container\">\n\t\t\t\t\t\t\t\t\t<p><strong>O Jornal Econ\u00f3mico<\/strong><\/p><p><span style=\"text-decoration: underline;\"><a href=\"https:\/\/jornaleconomico.sapo.pt\/noticias\/universidade-da-madeira-apresenta-projeto-insetos-da-madeira-814503\"><span style=\"font-size: 20.8px;\">https:\/\/jornaleconomico.sapo.pt\/noticias\/universidade-da-madeira-apresenta-projeto-insetos-da-madeira<\/span><\/a><\/span><\/p>\t\t\t\t\t\t\t\t<\/div>\n\t\t\t\t<\/div>\n\t\t\t\t<div class=\"elementor-element elementor-element-ba91afe elementor-widget elementor-widget-text-editor\" data-id=\"ba91afe\" data-element_type=\"widget\" data-widget_type=\"text-editor.default\">\n\t\t\t\t<div class=\"elementor-widget-container\">\n\t\t\t\t\t\t\t\t\t<p><strong>Sapo<\/strong><\/p><p><span style=\"text-decoration: underline;\"><span style=\"font-size: 20.8px;\"><a href=\"https:\/\/viagens.sapo.pt\/viajar\/noticias-viajar\/artigos\/projeto-com-insetos-envolve-comunidade-turistas-e-investigadores-na-madeira\">https:\/\/viagens.sapo.pt\/viajar\/noticias-viajar\/artigos\/projeto-com-insetos-envolve-comunidade-turistas<\/a><\/span><\/span><\/p>\t\t\t\t\t\t\t\t<\/div>\n\t\t\t\t<\/div>\n\t\t\t\t<div class=\"elementor-element elementor-element-9b21d27 elementor-widget elementor-widget-text-editor\" data-id=\"9b21d27\" data-element_type=\"widget\" data-widget_type=\"text-editor.default\">\n\t\t\t\t<div class=\"elementor-widget-container\">\n\t\t\t\t\t\t\t\t\t<p><strong>Di\u00e1rio de Not\u00edcias<\/strong><\/p><p><span style=\"text-decoration: underline;\"><span style=\"font-size: 20.8px;\"><a href=\"https:\/\/www.dnoticias.pt\/2021\/11\/30\/287141-projecto-com-insectos-envolve-comunidade-turistas-e-investigadores-na-madeira\/\">https:\/\/www.dnoticias.pt\/2021\/11\/30\/287141-projecto-com-insectos-envolve-comunidade-turistas<\/a><\/span><\/span><\/p>\t\t\t\t\t\t\t\t<\/div>\n\t\t\t\t<\/div>\n\t\t\t\t<div class=\"elementor-element elementor-element-4d2a3e5 elementor-widget elementor-widget-text-editor\" data-id=\"4d2a3e5\" data-element_type=\"widget\" data-widget_type=\"text-editor.default\">\n\t\t\t\t<div class=\"elementor-widget-container\">\n\t\t\t\t\t\t\t\t\t<p><strong>JM Madeira<\/strong><\/p><p><span style=\"text-decoration: underline;\"><span style=\"font-size: 20.8px;\">h<a href=\"https:\/\/www.jm-madeira.pt\/regiao\/ver\/149986\/Projeto_Insetos_da_Madeira_apresentado_amanha_no_Centro_de_Estudos_de_Historia_do_Atlantico\">ttps:\/\/www.jm-madeira.pt\/regiao\/ver\/149986\/Projeto_Insetos_da_Madeira_apresentado<\/a><\/span><\/span><\/p>\t\t\t\t\t\t\t\t<\/div>\n\t\t\t\t<\/div>\n\t\t\t\t\t<\/div>\n\t\t<\/div>\n\t\t\t\t\t<\/div>\n\t\t<\/section>\n\t\t\t\t<section class=\"elementor-section elementor-top-section elementor-element elementor-element-ca0b012 elementor-section-boxed elementor-section-height-default elementor-section-height-default\" data-id=\"ca0b012\" data-element_type=\"section\">\n\t\t\t\t\t\t<div class=\"elementor-container elementor-column-gap-default\">\n\t\t\t\t\t<div class=\"elementor-column elementor-col-100 elementor-top-column elementor-element elementor-element-e3daa56\" data-id=\"e3daa56\" data-element_type=\"column\">\n\t\t\t<div class=\"elementor-widget-wrap elementor-element-populated\">\n\t\t\t\t\t\t<div class=\"elementor-element elementor-element-add2330 elementor-widget elementor-widget-spacer\" data-id=\"add2330\" data-element_type=\"widget\" data-widget_type=\"spacer.default\">\n\t\t\t\t<div class=\"elementor-widget-container\">\n\t\t\t\t\t\t\t<div class=\"elementor-spacer\">\n\t\t\t<div class=\"elementor-spacer-inner\"><\/div>\n\t\t<\/div>\n\t\t\t\t\t\t<\/div>\n\t\t\t\t<\/div>\n\t\t\t\t\t<\/div>\n\t\t<\/div>\n\t\t\t\t\t<\/div>\n\t\t<\/section>\n\t\t\t\t<section class=\"elementor-section elementor-top-section elementor-element elementor-element-1b3f726 elementor-section-boxed elementor-section-height-default elementor-section-height-default\" data-id=\"1b3f726\" data-element_type=\"section\">\n\t\t\t\t\t\t<div class=\"elementor-container elementor-column-gap-default\">\n\t\t\t\t\t<div class=\"elementor-column elementor-col-100 elementor-top-column elementor-element elementor-element-1d825da\" data-id=\"1d825da\" data-element_type=\"column\">\n\t\t\t<div class=\"elementor-widget-wrap elementor-element-populated\">\n\t\t\t\t\t\t<div class=\"elementor-element elementor-element-d69ccba elementor-widget elementor-widget-heading\" data-id=\"d69ccba\" data-element_type=\"widget\" data-widget_type=\"heading.default\">\n\t\t\t\t<div class=\"elementor-widget-container\">\n\t\t\t\t\t<h2 class=\"elementor-heading-title elementor-size-default\">Programa<\/h2>\t\t\t\t<\/div>\n\t\t\t\t<\/div>\n\t\t\t\t\t<\/div>\n\t\t<\/div>\n\t\t\t\t\t<\/div>\n\t\t<\/section>\n\t\t\t\t<section class=\"elementor-section elementor-top-section elementor-element elementor-element-c59c3ca elementor-section-boxed elementor-section-height-default elementor-section-height-default\" data-id=\"c59c3ca\" data-element_type=\"section\">\n\t\t\t\t\t\t<div class=\"elementor-container elementor-column-gap-default\">\n\t\t\t\t\t<div class=\"elementor-column elementor-col-33 elementor-top-column elementor-element elementor-element-d22ba1a\" data-id=\"d22ba1a\" data-element_type=\"column\">\n\t\t\t<div class=\"elementor-widget-wrap elementor-element-populated\">\n\t\t\t\t\t\t<div class=\"elementor-element elementor-element-6d80822 elementor-align-left elementor-icon-list--layout-traditional elementor-list-item-link-full_width elementor-widget elementor-widget-icon-list\" data-id=\"6d80822\" data-element_type=\"widget\" data-widget_type=\"icon-list.default\">\n\t\t\t\t<div class=\"elementor-widget-container\">\n\t\t\t\t\t\t\t<ul class=\"elementor-icon-list-items\">\n\t\t\t\t\t\t\t<li class=\"elementor-icon-list-item\">\n\t\t\t\t\t\t\t\t\t\t<span class=\"elementor-icon-list-text\"><b>Local<\/b><br>Centro de Estudos de Hist\u00f3ria do Atl\u00e2ntico<\/span>\n\t\t\t\t\t\t\t\t\t<\/li>\n\t\t\t\t\t\t\t\t<li class=\"elementor-icon-list-item\">\n\t\t\t\t\t\t\t\t\t\t<span class=\"elementor-icon-list-text\"><b>Data<\/b><br>30 de novembro de 2021<\/span>\n\t\t\t\t\t\t\t\t\t<\/li>\n\t\t\t\t\t\t\t\t<li class=\"elementor-icon-list-item\">\n\t\t\t\t\t\t\t\t\t\t<span class=\"elementor-icon-list-text\"><b>Hora<\/b><br>14h 30min<\/span>\n\t\t\t\t\t\t\t\t\t<\/li>\n\t\t\t\t\t\t<\/ul>\n\t\t\t\t\t\t<\/div>\n\t\t\t\t<\/div>\n\t\t\t\t\t<\/div>\n\t\t<\/div>\n\t\t\t\t<div class=\"elementor-column elementor-col-66 elementor-top-column elementor-element elementor-element-31f92a4\" data-id=\"31f92a4\" data-element_type=\"column\">\n\t\t\t<div class=\"elementor-widget-wrap elementor-element-populated\">\n\t\t\t\t\t\t<div class=\"elementor-element elementor-element-fe0b282 elementor-widget elementor-widget-text-editor\" data-id=\"fe0b282\" data-element_type=\"widget\" data-widget_type=\"text-editor.default\">\n\t\t\t\t<div class=\"elementor-widget-container\">\n\t\t\t\t\t\t\t\t\t<p style=\"line-height: var(--wp--typography--line-height, var(--global--line-height-body)); font-size: 20.8px; font-weight: 400;\">Os insetos s\u00e3o o grupo de seres vivos mais abundante, diverso e com maior n\u00famero de esp\u00e9cies end\u00e9micas no arquip\u00e9lago dad Madeira. O projeto &#8220;Insetos da Madeira&#8221; tem por objetivo das destaque a este grupo de grande interesse para o turismo de natureza regional. Na apresenta\u00e7\u00e3o oficial do projeto ser\u00e1 ilustrado como a app iNaturalist est\u00e1 a ser utilizada no \u00e2mbito do ecoturismo e turismo de natureza na Madeira. Esta ferramenta, numa l\u00f3gica de envolvimento comunit\u00e1rio\/cidadania ativa, permitir\u00e1 aos turistas valorizar os recursos naturais regionais e em simult\u00e2neo usufruir de atividades de aprendizagem ao ar livre.&nbsp;<\/p>\t\t\t\t\t\t\t\t<\/div>\n\t\t\t\t<\/div>\n\t\t\t\t\t<\/div>\n\t\t<\/div>\n\t\t\t\t\t<\/div>\n\t\t<\/section>\n\t\t\t\t<section class=\"elementor-section elementor-top-section elementor-element elementor-element-f711fb0 elementor-section-boxed elementor-section-height-default elementor-section-height-default\" data-id=\"f711fb0\" data-element_type=\"section\">\n\t\t\t\t\t\t<div class=\"elementor-container elementor-column-gap-default\">\n\t\t\t\t\t<div class=\"elementor-column elementor-col-100 elementor-top-column elementor-element elementor-element-e70ccee\" data-id=\"e70ccee\" data-element_type=\"column\">\n\t\t\t<div class=\"elementor-widget-wrap elementor-element-populated\">\n\t\t\t\t\t\t<div class=\"elementor-element elementor-element-fb817fd elementor-widget elementor-widget-image\" data-id=\"fb817fd\" data-element_type=\"widget\" data-widget_type=\"image.default\">\n\t\t\t\t<div class=\"elementor-widget-container\">\n\t\t\t\t\t\t\t\t\t\t\t\t\t\t\t<img decoding=\"async\" width=\"1024\" height=\"731\" src=\"https:\/\/entomoteca.web.uma.pt\/wp-content\/uploads\/2021\/11\/2.jpg\" class=\"attachment-large size-large wp-image-1985\" alt=\"\" \/>\t\t\t\t\t\t\t\t\t\t\t\t\t\t\t<\/div>\n\t\t\t\t<\/div>\n\t\t\t\t\t<\/div>\n\t\t<\/div>\n\t\t\t\t\t<\/div>\n\t\t<\/section>\n\t\t\t\t<\/div>","protected":false},"excerpt":{"rendered":"<p>Os insetos e turismo na Madeira Not\u00edcias Reportagem RTP Madeira https:\/\/entomoteca.web.uma.pt\/wp-content\/uploads\/2021\/12\/ReportagemIM.mp4 O Jornal Econ\u00f3mico https:\/\/jornaleconomico.sapo.pt\/noticias\/universidade-da-madeira-apresenta-projeto-insetos-da-madeira Sapo https:\/\/viagens.sapo.pt\/viajar\/noticias-viajar\/artigos\/projeto-com-insetos-envolve-comunidade-turistas Di\u00e1rio de Not\u00edcias https:\/\/www.dnoticias.pt\/2021\/11\/30\/287141-projecto-com-insectos-envolve-comunidade-turistas JM Madeira https:\/\/www.jm-madeira.pt\/regiao\/ver\/149986\/Projeto_Insetos_da_Madeira_apresentado Programa LocalCentro de Estudos de Hist\u00f3ria do Atl\u00e2ntico Data30 de novembro de 2021 Hora14h 30min Os insetos s\u00e3o o grupo de seres vivos mais abundante, diverso e com maior n\u00famero de &hellip;<\/p>\n<p class=\"read-more\"> <a class=\"\" href=\"https:\/\/entomoteca.web.uma.pt\/en\/apresentacaooficial\/\"> <span class=\"screen-reader-text\">Presentation Madeira Insects<\/span> Read More &raquo;<\/a><\/p>","protected":false},"author":1,"featured_media":0,"parent":0,"menu_order":0,"comment_status":"closed","ping_status":"closed","template":"","meta":{"_eb_attr":"","site-sidebar-layout":"default","site-content-layout":"default","ast-global-header-display":"","ast-main-header-display":"","ast-hfb-above-header-display":"","ast-hfb-below-header-display":"","ast-hfb-mobile-header-display":"","site-post-title":"","ast-breadcrumbs-content":"","ast-featured-img":"","footer-sml-layout":"","theme-transparent-header-meta":"","adv-header-id-meta":"","stick-header-meta":"","header-above-stick-meta":"","header-main-stick-meta":"","header-below-stick-meta":"","footnotes":""},"class_list":["post-1979","page","type-page","status-publish","hentry"],"_links":{"self":[{"href":"https:\/\/entomoteca.web.uma.pt\/en\/wp-json\/wp\/v2\/pages\/1979","targetHints":{"allow":["GET"]}}],"collection":[{"href":"https:\/\/entomoteca.web.uma.pt\/en\/wp-json\/wp\/v2\/pages"}],"about":[{"href":"https:\/\/entomoteca.web.uma.pt\/en\/wp-json\/wp\/v2\/types\/page"}],"author":[{"embeddable":true,"href":"https:\/\/entomoteca.web.uma.pt\/en\/wp-json\/wp\/v2\/users\/1"}],"replies":[{"embeddable":true,"href":"https:\/\/entomoteca.web.uma.pt\/en\/wp-json\/wp\/v2\/comments?post=1979"}],"version-history":[{"count":19,"href":"https:\/\/entomoteca.web.uma.pt\/en\/wp-json\/wp\/v2\/pages\/1979\/revisions"}],"predecessor-version":[{"id":2065,"href":"https:\/\/entomoteca.web.uma.pt\/en\/wp-json\/wp\/v2\/pages\/1979\/revisions\/2065"}],"wp:attachment":[{"href":"https:\/\/entomoteca.web.uma.pt\/en\/wp-json\/wp\/v2\/media?parent=1979"}],"curies":[{"name":"wp","href":"https:\/\/api.w.org\/{rel}","templated":true}]}}