{"id":3169,"date":"2025-01-29T15:35:45","date_gmt":"2025-01-29T15:35:45","guid":{"rendered":"https:\/\/entomoteca.web.uma.pt\/?page_id=3169"},"modified":"2026-01-13T15:44:37","modified_gmt":"2026-01-13T15:44:37","slug":"projetos","status":"publish","type":"page","link":"https:\/\/entomoteca.web.uma.pt\/en\/projetos\/","title":{"rendered":"Projects"},"content":{"rendered":"<div data-elementor-type=\"wp-page\" data-elementor-id=\"3169\" class=\"elementor elementor-3169\">\n\t\t\t\t\t\t<section class=\"elementor-section elementor-top-section elementor-element elementor-element-44e645b elementor-section-boxed elementor-section-height-default elementor-section-height-default\" data-id=\"44e645b\" data-element_type=\"section\">\n\t\t\t\t\t\t<div class=\"elementor-container elementor-column-gap-default\">\n\t\t\t\t\t<div class=\"elementor-column elementor-col-100 elementor-top-column elementor-element elementor-element-1b14836\" data-id=\"1b14836\" data-element_type=\"column\">\n\t\t\t<div class=\"elementor-widget-wrap elementor-element-populated\">\n\t\t\t\t\t\t<div class=\"elementor-element elementor-element-f4d6bd5 elementor-widget elementor-widget-heading\" data-id=\"f4d6bd5\" data-element_type=\"widget\" data-widget_type=\"heading.default\">\n\t\t\t\t<div class=\"elementor-widget-container\">\n\t\t\t\t\t<h2 class=\"elementor-heading-title elementor-size-default\">Projects<\/h2>\t\t\t\t<\/div>\n\t\t\t\t<\/div>\n\t\t\t\t\t<\/div>\n\t\t<\/div>\n\t\t\t\t\t<\/div>\n\t\t<\/section>\n\t\t\t\t<section class=\"elementor-section elementor-top-section elementor-element elementor-element-9059043 elementor-section-boxed elementor-section-height-default elementor-section-height-default\" data-id=\"9059043\" data-element_type=\"section\">\n\t\t\t\t\t\t<div class=\"elementor-container elementor-column-gap-default\">\n\t\t\t\t\t<div class=\"elementor-column elementor-col-100 elementor-top-column elementor-element elementor-element-8d11e5d\" data-id=\"8d11e5d\" data-element_type=\"column\">\n\t\t\t<div class=\"elementor-widget-wrap elementor-element-populated\">\n\t\t\t\t\t\t<div class=\"elementor-element elementor-element-98fafe5 elementor-widget elementor-widget-text-editor\" data-id=\"98fafe5\" data-element_type=\"widget\" data-widget_type=\"text-editor.default\">\n\t\t\t\t<div class=\"elementor-widget-container\">\n\t\t\t\t\t\t\t\t\t<p data-pm-slice=\"1 1 []\">A UMACI est\u00e1 empenhada na promo\u00e7\u00e3o e desenvolvimento de projetos de investiga\u00e7\u00e3o inovadores que contribuem para o avan\u00e7o do conhecimento e para solu\u00e7\u00f5es sustent\u00e1veis em diversas \u00e1reas. Os nossos projetos abrangem um vasto leque de tem\u00e1ticas dentro da entomologia, que v\u00e3o desde a ecologia, taxonomia, gen\u00f3mica ou conserva\u00e7\u00e3o, sempre com um foco na interdisciplinaridade e impacto social.<\/p>\t\t\t\t\t\t\t\t<\/div>\n\t\t\t\t<\/div>\n\t\t\t\t\t<\/div>\n\t\t<\/div>\n\t\t\t\t\t<\/div>\n\t\t<\/section>\n\t\t\t\t<section class=\"elementor-section elementor-top-section elementor-element elementor-element-56f69d5 elementor-section-boxed elementor-section-height-default elementor-section-height-default\" data-id=\"56f69d5\" data-element_type=\"section\">\n\t\t\t\t\t\t<div class=\"elementor-container elementor-column-gap-default\">\n\t\t\t\t\t<div class=\"elementor-column elementor-col-33 elementor-top-column elementor-element elementor-element-b3ed684\" data-id=\"b3ed684\" data-element_type=\"column\">\n\t\t\t<div class=\"elementor-widget-wrap elementor-element-populated\">\n\t\t\t\t\t\t<div class=\"elementor-element elementor-element-438c9c3 elementor-widget elementor-widget-image\" data-id=\"438c9c3\" data-element_type=\"widget\" data-widget_type=\"image.default\">\n\t\t\t\t<div class=\"elementor-widget-container\">\n\t\t\t\t\t\t\t\t\t\t\t\t\t\t\t<img fetchpriority=\"high\" decoding=\"async\" width=\"1024\" height=\"682\" src=\"https:\/\/entomoteca.web.uma.pt\/wp-content\/uploads\/2025\/01\/Imagem-WhatsApp-2025-01-29-as-15.34.03_5c914464-1024x682.jpg\" class=\"attachment-large size-large wp-image-3173\" alt=\"\" srcset=\"https:\/\/entomoteca.web.uma.pt\/wp-content\/uploads\/2025\/01\/Imagem-WhatsApp-2025-01-29-as-15.34.03_5c914464-1024x682.jpg 1024w, https:\/\/entomoteca.web.uma.pt\/wp-content\/uploads\/2025\/01\/Imagem-WhatsApp-2025-01-29-as-15.34.03_5c914464-300x200.jpg 300w, https:\/\/entomoteca.web.uma.pt\/wp-content\/uploads\/2025\/01\/Imagem-WhatsApp-2025-01-29-as-15.34.03_5c914464-768x512.jpg 768w, https:\/\/entomoteca.web.uma.pt\/wp-content\/uploads\/2025\/01\/Imagem-WhatsApp-2025-01-29-as-15.34.03_5c914464-1536x1023.jpg 1536w, https:\/\/entomoteca.web.uma.pt\/wp-content\/uploads\/2025\/01\/Imagem-WhatsApp-2025-01-29-as-15.34.03_5c914464-18x12.jpg 18w, https:\/\/entomoteca.web.uma.pt\/wp-content\/uploads\/2025\/01\/Imagem-WhatsApp-2025-01-29-as-15.34.03_5c914464.jpg 1600w\" sizes=\"(max-width: 1024px) 100vw, 1024px\" \/>\t\t\t\t\t\t\t\t\t\t\t\t\t\t\t<\/div>\n\t\t\t\t<\/div>\n\t\t\t\t\t<\/div>\n\t\t<\/div>\n\t\t\t\t<div class=\"elementor-column elementor-col-33 elementor-top-column elementor-element elementor-element-cf131de\" data-id=\"cf131de\" data-element_type=\"column\">\n\t\t\t<div class=\"elementor-widget-wrap elementor-element-populated\">\n\t\t\t\t\t\t<div class=\"elementor-element elementor-element-59c9885 elementor-widget elementor-widget-image\" data-id=\"59c9885\" data-element_type=\"widget\" data-widget_type=\"image.default\">\n\t\t\t\t<div class=\"elementor-widget-container\">\n\t\t\t\t\t\t\t\t\t\t\t\t\t\t\t<img decoding=\"async\" width=\"1024\" height=\"682\" src=\"https:\/\/entomoteca.web.uma.pt\/wp-content\/uploads\/2025\/01\/cigarrinha-1024x682.jpg\" class=\"attachment-large size-large wp-image-3171\" alt=\"\" srcset=\"https:\/\/entomoteca.web.uma.pt\/wp-content\/uploads\/2025\/01\/cigarrinha-1024x682.jpg 1024w, https:\/\/entomoteca.web.uma.pt\/wp-content\/uploads\/2025\/01\/cigarrinha-300x200.jpg 300w, https:\/\/entomoteca.web.uma.pt\/wp-content\/uploads\/2025\/01\/cigarrinha-768x512.jpg 768w, https:\/\/entomoteca.web.uma.pt\/wp-content\/uploads\/2025\/01\/cigarrinha-1536x1023.jpg 1536w, https:\/\/entomoteca.web.uma.pt\/wp-content\/uploads\/2025\/01\/cigarrinha-18x12.jpg 18w, https:\/\/entomoteca.web.uma.pt\/wp-content\/uploads\/2025\/01\/cigarrinha.jpg 1600w\" sizes=\"(max-width: 1024px) 100vw, 1024px\" \/>\t\t\t\t\t\t\t\t\t\t\t\t\t\t\t<\/div>\n\t\t\t\t<\/div>\n\t\t\t\t\t<\/div>\n\t\t<\/div>\n\t\t\t\t<div class=\"elementor-column elementor-col-33 elementor-top-column elementor-element elementor-element-7b1fb38\" data-id=\"7b1fb38\" data-element_type=\"column\">\n\t\t\t<div class=\"elementor-widget-wrap elementor-element-populated\">\n\t\t\t\t\t\t<div class=\"elementor-element elementor-element-eddffd5 elementor-widget elementor-widget-image\" data-id=\"eddffd5\" data-element_type=\"widget\" data-widget_type=\"image.default\">\n\t\t\t\t<div class=\"elementor-widget-container\">\n\t\t\t\t\t\t\t\t\t\t\t\t\t\t\t<img decoding=\"async\" width=\"1024\" height=\"682\" src=\"https:\/\/entomoteca.web.uma.pt\/wp-content\/uploads\/2025\/01\/Imagem-WhatsApp-2025-01-29-as-15.34.45_cfd83b40-1024x682.jpg\" class=\"attachment-large size-large wp-image-3172\" alt=\"\" srcset=\"https:\/\/entomoteca.web.uma.pt\/wp-content\/uploads\/2025\/01\/Imagem-WhatsApp-2025-01-29-as-15.34.45_cfd83b40-1024x682.jpg 1024w, https:\/\/entomoteca.web.uma.pt\/wp-content\/uploads\/2025\/01\/Imagem-WhatsApp-2025-01-29-as-15.34.45_cfd83b40-300x200.jpg 300w, https:\/\/entomoteca.web.uma.pt\/wp-content\/uploads\/2025\/01\/Imagem-WhatsApp-2025-01-29-as-15.34.45_cfd83b40-768x512.jpg 768w, https:\/\/entomoteca.web.uma.pt\/wp-content\/uploads\/2025\/01\/Imagem-WhatsApp-2025-01-29-as-15.34.45_cfd83b40-1536x1023.jpg 1536w, https:\/\/entomoteca.web.uma.pt\/wp-content\/uploads\/2025\/01\/Imagem-WhatsApp-2025-01-29-as-15.34.45_cfd83b40-18x12.jpg 18w, https:\/\/entomoteca.web.uma.pt\/wp-content\/uploads\/2025\/01\/Imagem-WhatsApp-2025-01-29-as-15.34.45_cfd83b40.jpg 1600w\" sizes=\"(max-width: 1024px) 100vw, 1024px\" \/>\t\t\t\t\t\t\t\t\t\t\t\t\t\t\t<\/div>\n\t\t\t\t<\/div>\n\t\t\t\t\t<\/div>\n\t\t<\/div>\n\t\t\t\t\t<\/div>\n\t\t<\/section>\n\t\t\t\t<section class=\"elementor-section elementor-top-section elementor-element elementor-element-d248264 elementor-section-boxed elementor-section-height-default elementor-section-height-default\" data-id=\"d248264\" data-element_type=\"section\">\n\t\t\t\t\t\t<div class=\"elementor-container elementor-column-gap-default\">\n\t\t\t\t\t<div class=\"elementor-column elementor-col-100 elementor-top-column elementor-element elementor-element-4a78cf1\" data-id=\"4a78cf1\" data-element_type=\"column\">\n\t\t\t<div class=\"elementor-widget-wrap elementor-element-populated\">\n\t\t\t\t\t\t<div class=\"elementor-element elementor-element-c0be3ce elementor-widget elementor-widget-toggle\" data-id=\"c0be3ce\" data-element_type=\"widget\" data-widget_type=\"toggle.default\">\n\t\t\t\t<div class=\"elementor-widget-container\">\n\t\t\t\t\t\t\t<div class=\"elementor-toggle\">\n\t\t\t\t\t\t\t<div class=\"elementor-toggle-item\">\n\t\t\t\t\t<div id=\"elementor-tab-title-2021\" class=\"elementor-tab-title\" data-tab=\"1\" role=\"button\" aria-controls=\"elementor-tab-content-2021\" aria-expanded=\"false\">\n\t\t\t\t\t\t\t\t\t\t\t\t<span class=\"elementor-toggle-icon elementor-toggle-icon-left\" aria-hidden=\"true\">\n\t\t\t\t\t\t\t\t\t\t\t\t\t\t\t<span class=\"elementor-toggle-icon-closed\"><i class=\"fas fa-caret-right\"><\/i><\/span>\n\t\t\t\t\t\t\t\t<span class=\"elementor-toggle-icon-opened\"><i class=\"elementor-toggle-icon-opened fas fa-caret-up\"><\/i><\/span>\n\t\t\t\t\t\t\t\t\t\t\t\t\t<\/span>\n\t\t\t\t\t\t\t\t\t\t\t\t<a class=\"elementor-toggle-title\" tabindex=\"0\">NatureTwins<\/a>\n\t\t\t\t\t<\/div>\n\n\t\t\t\t\t<div id=\"elementor-tab-content-2021\" class=\"elementor-tab-content elementor-clearfix\" data-tab=\"1\" role=\"region\" aria-labelledby=\"elementor-tab-title-2021\"><p>O projeto visa promover um modelo de turismo sustent\u00e1vel e inclusivo na ilha da Madeira atrav\u00e9s da tecnologia Digital Twin. <a style=\"background-color: #ffffff; font-size: 1rem;\" href=\"https:\/\/entomoteca.web.uma.pt\/en\/naturetwins\/\" target=\"_blank\" rel=\"noopener\">Saiba mais!<\/a><\/p><\/div>\n\t\t\t\t<\/div>\n\t\t\t\t\t\t\t<div class=\"elementor-toggle-item\">\n\t\t\t\t\t<div id=\"elementor-tab-title-2022\" class=\"elementor-tab-title\" data-tab=\"2\" role=\"button\" aria-controls=\"elementor-tab-content-2022\" aria-expanded=\"false\">\n\t\t\t\t\t\t\t\t\t\t\t\t<span class=\"elementor-toggle-icon elementor-toggle-icon-left\" aria-hidden=\"true\">\n\t\t\t\t\t\t\t\t\t\t\t\t\t\t\t<span class=\"elementor-toggle-icon-closed\"><i class=\"fas fa-caret-right\"><\/i><\/span>\n\t\t\t\t\t\t\t\t<span class=\"elementor-toggle-icon-opened\"><i class=\"elementor-toggle-icon-opened fas fa-caret-up\"><\/i><\/span>\n\t\t\t\t\t\t\t\t\t\t\t\t\t<\/span>\n\t\t\t\t\t\t\t\t\t\t\t\t<a class=\"elementor-toggle-title\" tabindex=\"0\">ARCADE<\/a>\n\t\t\t\t\t<\/div>\n\n\t\t\t\t\t<div id=\"elementor-tab-content-2022\" class=\"elementor-tab-content elementor-clearfix\" data-tab=\"2\" role=\"region\" aria-labelledby=\"elementor-tab-title-2022\"><p>O projeto ARCADE visa melhorar uma componente chave para o desenvolvimento da taxonomia e conserva\u00e7\u00e3o dos insetos polinizadores &#8211;\u00a0<span class=\"wixui-rich-text__text\">as cole\u00e7\u00f5es de refer\u00eancia. <a href=\"https:\/\/www.pollinet.pt\/arcade\">Saiba mais!<\/a><\/span><\/p><\/div>\n\t\t\t\t<\/div>\n\t\t\t\t\t\t\t<div class=\"elementor-toggle-item\">\n\t\t\t\t\t<div id=\"elementor-tab-title-2023\" class=\"elementor-tab-title\" data-tab=\"3\" role=\"button\" aria-controls=\"elementor-tab-content-2023\" aria-expanded=\"false\">\n\t\t\t\t\t\t\t\t\t\t\t\t<span class=\"elementor-toggle-icon elementor-toggle-icon-left\" aria-hidden=\"true\">\n\t\t\t\t\t\t\t\t\t\t\t\t\t\t\t<span class=\"elementor-toggle-icon-closed\"><i class=\"fas fa-caret-right\"><\/i><\/span>\n\t\t\t\t\t\t\t\t<span class=\"elementor-toggle-icon-opened\"><i class=\"elementor-toggle-icon-opened fas fa-caret-up\"><\/i><\/span>\n\t\t\t\t\t\t\t\t\t\t\t\t\t<\/span>\n\t\t\t\t\t\t\t\t\t\t\t\t<a class=\"elementor-toggle-title\" tabindex=\"0\">MIB - Madeiran Insects Bioblitz <\/a>\n\t\t\t\t\t<\/div>\n\n\t\t\t\t\t<div id=\"elementor-tab-content-2023\" class=\"elementor-tab-content elementor-clearfix\" data-tab=\"3\" role=\"region\" aria-labelledby=\"elementor-tab-title-2023\"><p>O projeto Madeiran Insects Bioblitz (MIB) foi um projeto de curta dura\u00e7\u00e3o (abril \u2013 outubro 24\u2032) que teve como principal objetivo a cria\u00e7\u00e3o de uma cole\u00e7\u00e3o de genomas de refer\u00eancia para esp\u00e9cies do arquip\u00e9lago da Madeira. <a href=\"https:\/\/entomoteca.web.uma.pt\/en\/mib\/\">Saiba mais!<\/a><\/p><\/div>\n\t\t\t\t<\/div>\n\t\t\t\t\t\t\t<div class=\"elementor-toggle-item\">\n\t\t\t\t\t<div id=\"elementor-tab-title-2024\" class=\"elementor-tab-title\" data-tab=\"4\" role=\"button\" aria-controls=\"elementor-tab-content-2024\" aria-expanded=\"false\">\n\t\t\t\t\t\t\t\t\t\t\t\t<span class=\"elementor-toggle-icon elementor-toggle-icon-left\" aria-hidden=\"true\">\n\t\t\t\t\t\t\t\t\t\t\t\t\t\t\t<span class=\"elementor-toggle-icon-closed\"><i class=\"fas fa-caret-right\"><\/i><\/span>\n\t\t\t\t\t\t\t\t<span class=\"elementor-toggle-icon-opened\"><i class=\"elementor-toggle-icon-opened fas fa-caret-up\"><\/i><\/span>\n\t\t\t\t\t\t\t\t\t\t\t\t\t<\/span>\n\t\t\t\t\t\t\t\t\t\t\t\t<a class=\"elementor-toggle-title\" tabindex=\"0\">Insects of Madeira<\/a>\n\t\t\t\t\t<\/div>\n\n\t\t\t\t\t<div id=\"elementor-tab-content-2024\" class=\"elementor-tab-content elementor-clearfix\" data-tab=\"4\" role=\"region\" aria-labelledby=\"elementor-tab-title-2024\"><p>Com o principal objetivo de conhecer melhor o patrim\u00f3nio natural madeirense, o projeto\u00a0Insetos da Madeira<b>\u00a0<\/b>pretende sensibilizar a popula\u00e7\u00e3o para a import\u00e2ncia dos insetos e envolv\u00ea-la nesta \u00e1rdua tarefa, de uma forma f\u00e1cil e divertida. <a href=\"https:\/\/entomoteca.web.uma.pt\/en\/projeto-insetos-da-madeira\/\">Saiba mais!<\/a><\/p><\/div>\n\t\t\t\t<\/div>\n\t\t\t\t\t\t\t\t<\/div>\n\t\t\t\t\t\t<\/div>\n\t\t\t\t<\/div>\n\t\t\t\t\t<\/div>\n\t\t<\/div>\n\t\t\t\t\t<\/div>\n\t\t<\/section>\n\t\t\t\t<\/div>","protected":false},"excerpt":{"rendered":"<p>Projetos A UMACI est\u00e1 empenhada na promo\u00e7\u00e3o e desenvolvimento de projetos de investiga\u00e7\u00e3o inovadores que contribuem para o avan\u00e7o do conhecimento e para solu\u00e7\u00f5es sustent\u00e1veis em diversas \u00e1reas. Os nossos projetos abrangem um vasto leque de tem\u00e1ticas dentro da entomologia, que v\u00e3o desde a ecologia, taxonomia, gen\u00f3mica ou conserva\u00e7\u00e3o, sempre com um foco na interdisciplinaridade &hellip;<\/p>\n<p class=\"read-more\"> <a class=\"\" href=\"https:\/\/entomoteca.web.uma.pt\/en\/projetos\/\"> <span class=\"screen-reader-text\">Projects<\/span> Read More &raquo;<\/a><\/p>","protected":false},"author":1,"featured_media":0,"parent":0,"menu_order":0,"comment_status":"closed","ping_status":"closed","template":"","meta":{"_eb_attr":"","site-sidebar-layout":"no-sidebar","site-content-layout":"page-builder","ast-global-header-display":"","ast-main-header-display":"","ast-hfb-above-header-display":"","ast-hfb-below-header-display":"","ast-hfb-mobile-header-display":"","site-post-title":"disabled","ast-breadcrumbs-content":"","ast-featured-img":"disabled","footer-sml-layout":"","theme-transparent-header-meta":"","adv-header-id-meta":"","stick-header-meta":"","header-above-stick-meta":"","header-main-stick-meta":"","header-below-stick-meta":"","footnotes":""},"class_list":["post-3169","page","type-page","status-publish","hentry"],"_links":{"self":[{"href":"https:\/\/entomoteca.web.uma.pt\/en\/wp-json\/wp\/v2\/pages\/3169","targetHints":{"allow":["GET"]}}],"collection":[{"href":"https:\/\/entomoteca.web.uma.pt\/en\/wp-json\/wp\/v2\/pages"}],"about":[{"href":"https:\/\/entomoteca.web.uma.pt\/en\/wp-json\/wp\/v2\/types\/page"}],"author":[{"embeddable":true,"href":"https:\/\/entomoteca.web.uma.pt\/en\/wp-json\/wp\/v2\/users\/1"}],"replies":[{"embeddable":true,"href":"https:\/\/entomoteca.web.uma.pt\/en\/wp-json\/wp\/v2\/comments?post=3169"}],"version-history":[{"count":21,"href":"https:\/\/entomoteca.web.uma.pt\/en\/wp-json\/wp\/v2\/pages\/3169\/revisions"}],"predecessor-version":[{"id":3308,"href":"https:\/\/entomoteca.web.uma.pt\/en\/wp-json\/wp\/v2\/pages\/3169\/revisions\/3308"}],"wp:attachment":[{"href":"https:\/\/entomoteca.web.uma.pt\/en\/wp-json\/wp\/v2\/media?parent=3169"}],"curies":[{"name":"wp","href":"https:\/\/api.w.org\/{rel}","templated":true}]}}