{"id":35,"date":"2021-02-17T12:38:04","date_gmt":"2021-02-17T12:38:04","guid":{"rendered":"https:\/\/entomoteca.web.uma.pt\/?page_id=35"},"modified":"2023-07-09T14:54:58","modified_gmt":"2023-07-09T14:54:58","slug":"voluntariado","status":"publish","type":"page","link":"https:\/\/entomoteca.web.uma.pt\/en\/voluntariado\/","title":{"rendered":"Volunteering"},"content":{"rendered":"<div data-elementor-type=\"wp-page\" data-elementor-id=\"35\" class=\"elementor elementor-35\">\n\t\t\t\t\t\t<section class=\"elementor-section elementor-top-section elementor-element elementor-element-663be8a4 elementor-section-content-middle elementor-section-boxed elementor-section-height-default elementor-section-height-default\" data-id=\"663be8a4\" data-element_type=\"section\">\n\t\t\t\t\t\t<div class=\"elementor-container elementor-column-gap-no\">\n\t\t\t\t\t<div class=\"elementor-column elementor-col-100 elementor-top-column elementor-element elementor-element-207872fe\" data-id=\"207872fe\" data-element_type=\"column\">\n\t\t\t<div class=\"elementor-widget-wrap elementor-element-populated\">\n\t\t\t\t\t\t<div class=\"elementor-element elementor-element-208a531e elementor-widget elementor-widget-heading\" data-id=\"208a531e\" data-element_type=\"widget\" data-widget_type=\"heading.default\">\n\t\t\t\t<div class=\"elementor-widget-container\">\n\t\t\t\t\t<h4 class=\"elementor-heading-title elementor-size-default\">Volunteering<\/h4>\t\t\t\t<\/div>\n\t\t\t\t<\/div>\n\t\t\t\t<div class=\"elementor-element elementor-element-310d6fd elementor-widget elementor-widget-text-editor\" data-id=\"310d6fd\" data-element_type=\"widget\" data-widget_type=\"text-editor.default\">\n\t\t\t\t<div class=\"elementor-widget-container\">\n\t\t\t\t\t\t\t\t\t<p><span style=\"color: #000000; font-family: 'Work Sans', sans-serif; font-size: 19px; text-align: justify;\">The Insects Collection of the University of Madeira is constantly growing. Volunteers are an essential part of this project. If you are interested in volunteering in person or online please reach out.<\/span><\/p>\t\t\t\t\t\t\t\t<\/div>\n\t\t\t\t<\/div>\n\t\t\t\t<section class=\"elementor-section elementor-inner-section elementor-element elementor-element-50f008eb elementor-section-content-middle elementor-section-boxed elementor-section-height-default elementor-section-height-default\" data-id=\"50f008eb\" data-element_type=\"section\">\n\t\t\t\t\t\t<div class=\"elementor-container elementor-column-gap-no\">\n\t\t\t\t\t<div class=\"elementor-column elementor-col-50 elementor-inner-column elementor-element elementor-element-34d2b29f\" data-id=\"34d2b29f\" data-element_type=\"column\">\n\t\t\t<div class=\"elementor-widget-wrap elementor-element-populated\">\n\t\t\t\t\t\t<div class=\"elementor-element elementor-element-3958954c elementor-position-top elementor-widget elementor-widget-image-box\" data-id=\"3958954c\" data-element_type=\"widget\" data-widget_type=\"image-box.default\">\n\t\t\t\t<div class=\"elementor-widget-container\">\n\t\t\t\t\t<div class=\"elementor-image-box-wrapper\"><figure class=\"elementor-image-box-img\"><img fetchpriority=\"high\" decoding=\"async\" width=\"512\" height=\"512\" src=\"https:\/\/entomoteca.web.uma.pt\/wp-content\/uploads\/2023\/07\/lab.png\" class=\"elementor-animation-grow attachment-full size-full wp-image-2798\" alt=\"\" srcset=\"https:\/\/entomoteca.web.uma.pt\/wp-content\/uploads\/2023\/07\/lab.png 512w, https:\/\/entomoteca.web.uma.pt\/wp-content\/uploads\/2023\/07\/elementor\/thumbs\/lab-q95xlsvaftrm4idhprefjes0lynbq561n26kett41k.png 300w, https:\/\/entomoteca.web.uma.pt\/wp-content\/uploads\/2023\/07\/lab-150x150.png 150w, https:\/\/entomoteca.web.uma.pt\/wp-content\/uploads\/2023\/07\/lab-12x12.png 12w, https:\/\/entomoteca.web.uma.pt\/wp-content\/uploads\/2023\/07\/elementor\/thumbs\/lab-q95xlsvcvjchcioyjl4rrkgqon2l1nlhencwpmrk3s.png 500w, https:\/\/entomoteca.web.uma.pt\/wp-content\/uploads\/2023\/07\/elementor\/thumbs\/lab-150x150.png 1000w\" sizes=\"(max-width: 512px) 100vw, 512px\" \/><\/figure><div class=\"elementor-image-box-content\"><h3 class=\"elementor-image-box-title\">Laboratory Volunteering<\/h3><p class=\"elementor-image-box-description\">We invite you to come help with the collection<\/p><\/div><\/div>\t\t\t\t<\/div>\n\t\t\t\t<\/div>\n\t\t\t\t<div class=\"elementor-element elementor-element-470e3d3 elementor-align-center elementor-widget elementor-widget-button\" data-id=\"470e3d3\" data-element_type=\"widget\" data-widget_type=\"button.default\">\n\t\t\t\t<div class=\"elementor-widget-container\">\n\t\t\t\t\t\t\t\t\t<div class=\"elementor-button-wrapper\">\n\t\t\t\t\t<a class=\"elementor-button elementor-button-link elementor-size-sm\" href=\"https:\/\/entomoteca.web.uma.pt\/en\/voluntariado-entomoteca\/\">\n\t\t\t\t\t\t<span class=\"elementor-button-content-wrapper\">\n\t\t\t\t\t\t\t\t\t<span class=\"elementor-button-text\">Read more<\/span>\n\t\t\t\t\t<\/span>\n\t\t\t\t\t<\/a>\n\t\t\t\t<\/div>\n\t\t\t\t\t\t\t\t<\/div>\n\t\t\t\t<\/div>\n\t\t\t\t\t<\/div>\n\t\t<\/div>\n\t\t\t\t<div class=\"elementor-column elementor-col-50 elementor-inner-column elementor-element elementor-element-b6ae5bc\" data-id=\"b6ae5bc\" data-element_type=\"column\">\n\t\t\t<div class=\"elementor-widget-wrap elementor-element-populated\">\n\t\t\t\t\t\t<div class=\"elementor-element elementor-element-702befbc elementor-position-top elementor-widget elementor-widget-image-box\" data-id=\"702befbc\" data-element_type=\"widget\" data-widget_type=\"image-box.default\">\n\t\t\t\t<div class=\"elementor-widget-container\">\n\t\t\t\t\t<div class=\"elementor-image-box-wrapper\"><figure class=\"elementor-image-box-img\"><img decoding=\"async\" width=\"512\" height=\"512\" src=\"https:\/\/entomoteca.web.uma.pt\/wp-content\/uploads\/2023\/07\/computer.png\" class=\"elementor-animation-grow attachment-full size-full wp-image-2797\" alt=\"\" srcset=\"https:\/\/entomoteca.web.uma.pt\/wp-content\/uploads\/2023\/07\/computer.png 512w, https:\/\/entomoteca.web.uma.pt\/wp-content\/uploads\/2023\/07\/computer-300x300.png 300w, https:\/\/entomoteca.web.uma.pt\/wp-content\/uploads\/2023\/07\/computer-150x150.png 150w, https:\/\/entomoteca.web.uma.pt\/wp-content\/uploads\/2023\/07\/computer-12x12.png 12w\" sizes=\"(max-width: 512px) 100vw, 512px\" \/><\/figure><div class=\"elementor-image-box-content\"><h3 class=\"elementor-image-box-title\">Database Volunteering<\/h3><p class=\"elementor-image-box-description\">Help us organising the UMACI's online database.<\/p><\/div><\/div>\t\t\t\t<\/div>\n\t\t\t\t<\/div>\n\t\t\t\t<div class=\"elementor-element elementor-element-7774327 elementor-align-center elementor-widget elementor-widget-button\" data-id=\"7774327\" data-element_type=\"widget\" data-widget_type=\"button.default\">\n\t\t\t\t<div class=\"elementor-widget-container\">\n\t\t\t\t\t\t\t\t\t<div class=\"elementor-button-wrapper\">\n\t\t\t\t\t<a class=\"elementor-button elementor-button-link elementor-size-sm\" href=\"https:\/\/entomoteca.web.uma.pt\/en\/voluntariado-base-dados-entomoteca\/\">\n\t\t\t\t\t\t<span class=\"elementor-button-content-wrapper\">\n\t\t\t\t\t\t\t\t\t<span class=\"elementor-button-text\">Read more<\/span>\n\t\t\t\t\t<\/span>\n\t\t\t\t\t<\/a>\n\t\t\t\t<\/div>\n\t\t\t\t\t\t\t\t<\/div>\n\t\t\t\t<\/div>\n\t\t\t\t\t<\/div>\n\t\t<\/div>\n\t\t\t\t\t<\/div>\n\t\t<\/section>\n\t\t\t\t\t<\/div>\n\t\t<\/div>\n\t\t\t\t\t<\/div>\n\t\t<\/section>\n\t\t\t\t<\/div>","protected":false},"excerpt":{"rendered":"<p>Voluntariado A Cole\u00e7\u00e3o de Insetos da UMa est\u00e1 em constante crescimento e os volunt\u00e1rios s\u00e3o essenciais para ajudarem a organizar a cole\u00e7\u00e3o e possibilitarem esse crescimento. Est\u00e1 interessado em fazer voluntariado presencial ou online na Cole\u00e7\u00e3o? Veja as oportunidades! Voluntariado Entomoteca Venha colaborar na organiza\u00e7\u00e3o e manuten\u00e7\u00e3o da Cole\u00e7\u00e3o Saiba mais Voluntariado Base de Dados &hellip;<\/p>\n<p class=\"read-more\"> <a class=\"\" href=\"https:\/\/entomoteca.web.uma.pt\/en\/voluntariado\/\"> <span class=\"screen-reader-text\">Volunteering<\/span> Read More &raquo;<\/a><\/p>","protected":false},"author":1,"featured_media":0,"parent":0,"menu_order":0,"comment_status":"closed","ping_status":"closed","template":"","meta":{"_eb_attr":"","site-sidebar-layout":"default","site-content-layout":"default","ast-global-header-display":"","ast-main-header-display":"","ast-hfb-above-header-display":"","ast-hfb-below-header-display":"","ast-hfb-mobile-header-display":"","site-post-title":"","ast-breadcrumbs-content":"","ast-featured-img":"","footer-sml-layout":"","theme-transparent-header-meta":"","adv-header-id-meta":"","stick-header-meta":"","header-above-stick-meta":"","header-main-stick-meta":"","header-below-stick-meta":"","footnotes":""},"class_list":["post-35","page","type-page","status-publish","hentry"],"_links":{"self":[{"href":"https:\/\/entomoteca.web.uma.pt\/en\/wp-json\/wp\/v2\/pages\/35","targetHints":{"allow":["GET"]}}],"collection":[{"href":"https:\/\/entomoteca.web.uma.pt\/en\/wp-json\/wp\/v2\/pages"}],"about":[{"href":"https:\/\/entomoteca.web.uma.pt\/en\/wp-json\/wp\/v2\/types\/page"}],"author":[{"embeddable":true,"href":"https:\/\/entomoteca.web.uma.pt\/en\/wp-json\/wp\/v2\/users\/1"}],"replies":[{"embeddable":true,"href":"https:\/\/entomoteca.web.uma.pt\/en\/wp-json\/wp\/v2\/comments?post=35"}],"version-history":[{"count":60,"href":"https:\/\/entomoteca.web.uma.pt\/en\/wp-json\/wp\/v2\/pages\/35\/revisions"}],"predecessor-version":[{"id":2804,"href":"https:\/\/entomoteca.web.uma.pt\/en\/wp-json\/wp\/v2\/pages\/35\/revisions\/2804"}],"wp:attachment":[{"href":"https:\/\/entomoteca.web.uma.pt\/en\/wp-json\/wp\/v2\/media?parent=35"}],"curies":[{"name":"wp","href":"https:\/\/api.w.org\/{rel}","templated":true}]}}