{"id":514,"date":"2021-03-02T13:09:43","date_gmt":"2021-03-02T13:09:43","guid":{"rendered":"https:\/\/entomoteca.web.uma.pt\/?page_id=514"},"modified":"2024-07-17T18:17:46","modified_gmt":"2024-07-17T18:17:46","slug":"ensino","status":"publish","type":"page","link":"https:\/\/entomoteca.web.uma.pt\/en\/ensino\/","title":{"rendered":"Teaching"},"content":{"rendered":"<div data-elementor-type=\"wp-page\" data-elementor-id=\"514\" class=\"elementor elementor-514\">\n\t\t\t\t\t\t<section class=\"elementor-section elementor-top-section elementor-element elementor-element-461c92b elementor-section-boxed elementor-section-height-default elementor-section-height-default\" data-id=\"461c92b\" data-element_type=\"section\">\n\t\t\t\t\t\t<div class=\"elementor-container elementor-column-gap-default\">\n\t\t\t\t\t<div class=\"elementor-column elementor-col-100 elementor-top-column elementor-element elementor-element-6d16f5e\" data-id=\"6d16f5e\" data-element_type=\"column\">\n\t\t\t<div class=\"elementor-widget-wrap elementor-element-populated\">\n\t\t\t\t\t\t<div class=\"elementor-element elementor-element-1fe8ce0 elementor-widget elementor-widget-spacer\" data-id=\"1fe8ce0\" data-element_type=\"widget\" data-widget_type=\"spacer.default\">\n\t\t\t\t<div class=\"elementor-widget-container\">\n\t\t\t\t\t\t\t<div class=\"elementor-spacer\">\n\t\t\t<div class=\"elementor-spacer-inner\"><\/div>\n\t\t<\/div>\n\t\t\t\t\t\t<\/div>\n\t\t\t\t<\/div>\n\t\t\t\t\t<\/div>\n\t\t<\/div>\n\t\t\t\t\t<\/div>\n\t\t<\/section>\n\t\t\t\t<section class=\"elementor-section elementor-top-section elementor-element elementor-element-45c01ae elementor-section-boxed elementor-section-height-default elementor-section-height-default\" data-id=\"45c01ae\" data-element_type=\"section\">\n\t\t\t\t\t\t<div class=\"elementor-container elementor-column-gap-default\">\n\t\t\t\t\t<div class=\"elementor-column elementor-col-100 elementor-top-column elementor-element elementor-element-44ca7f0\" data-id=\"44ca7f0\" data-element_type=\"column\">\n\t\t\t<div class=\"elementor-widget-wrap elementor-element-populated\">\n\t\t\t\t\t\t<div class=\"elementor-element elementor-element-a64fc18 elementor-widget elementor-widget-heading\" data-id=\"a64fc18\" data-element_type=\"widget\" data-widget_type=\"heading.default\">\n\t\t\t\t<div class=\"elementor-widget-container\">\n\t\t\t\t\t<h2 class=\"elementor-heading-title elementor-size-default\">Education<\/h2>\t\t\t\t<\/div>\n\t\t\t\t<\/div>\n\t\t\t\t\t<\/div>\n\t\t<\/div>\n\t\t\t\t\t<\/div>\n\t\t<\/section>\n\t\t\t\t<section class=\"elementor-section elementor-top-section elementor-element elementor-element-db262bb elementor-section-boxed elementor-section-height-default elementor-section-height-default\" data-id=\"db262bb\" data-element_type=\"section\">\n\t\t\t\t\t\t<div class=\"elementor-container elementor-column-gap-default\">\n\t\t\t\t\t<div class=\"elementor-column elementor-col-100 elementor-top-column elementor-element elementor-element-9e844dc\" data-id=\"9e844dc\" data-element_type=\"column\">\n\t\t\t<div class=\"elementor-widget-wrap elementor-element-populated\">\n\t\t\t\t\t\t<div class=\"elementor-element elementor-element-b4d222b elementor-widget elementor-widget-text-editor\" data-id=\"b4d222b\" data-element_type=\"widget\" data-widget_type=\"text-editor.default\">\n\t\t\t\t<div class=\"elementor-widget-container\">\n\t\t\t\t\t\t\t\t\t<p>The pedagogical collection of the University of Madeira is an essential support tool to the curricular units of the 1st Cycle in Biology at UMa and to the Higher Technical Professional Course in Nature Guides. This collection relies on the active contribution of the students that attend them, through small collections of insects. Get to know the students' contribution to the UMa pedagogical collection.<\/p>\t\t\t\t\t\t\t\t<\/div>\n\t\t\t\t<\/div>\n\t\t\t\t\t<\/div>\n\t\t<\/div>\n\t\t\t\t\t<\/div>\n\t\t<\/section>\n\t\t\t\t<section class=\"elementor-section elementor-top-section elementor-element elementor-element-9ddc969 elementor-section-boxed elementor-section-height-default elementor-section-height-default\" data-id=\"9ddc969\" data-element_type=\"section\">\n\t\t\t\t\t\t<div class=\"elementor-container elementor-column-gap-default\">\n\t\t\t\t\t<div class=\"elementor-column elementor-col-100 elementor-top-column elementor-element elementor-element-2313669\" data-id=\"2313669\" data-element_type=\"column\">\n\t\t\t<div class=\"elementor-widget-wrap elementor-element-populated\">\n\t\t\t\t\t\t<div class=\"elementor-element elementor-element-7d8feed elementor-widget elementor-widget-heading\" data-id=\"7d8feed\" data-element_type=\"widget\" data-widget_type=\"heading.default\">\n\t\t\t\t<div class=\"elementor-widget-container\">\n\t\t\t\t\t<h2 class=\"elementor-heading-title elementor-size-default\">Course Units<\/h2>\t\t\t\t<\/div>\n\t\t\t\t<\/div>\n\t\t\t\t\t<\/div>\n\t\t<\/div>\n\t\t\t\t\t<\/div>\n\t\t<\/section>\n\t\t\t\t<section class=\"elementor-section elementor-top-section elementor-element elementor-element-287d989 elementor-section-height-min-height elementor-section-items-top elementor-section-boxed elementor-section-height-default\" data-id=\"287d989\" data-element_type=\"section\">\n\t\t\t\t\t\t<div class=\"elementor-container elementor-column-gap-extended\">\n\t\t\t\t\t<div class=\"elementor-column elementor-col-25 elementor-top-column elementor-element elementor-element-ccaeb5a\" data-id=\"ccaeb5a\" data-element_type=\"column\" data-settings=\"{&quot;background_background&quot;:&quot;gradient&quot;}\">\n\t\t\t<div class=\"elementor-widget-wrap elementor-element-populated\">\n\t\t\t\t\t\t<div class=\"elementor-element elementor-element-3465ac2 elementor-widget elementor-widget-image\" data-id=\"3465ac2\" data-element_type=\"widget\" data-widget_type=\"image.default\">\n\t\t\t\t<div class=\"elementor-widget-container\">\n\t\t\t\t\t\t\t\t\t\t\t\t\t\t\t<img fetchpriority=\"high\" decoding=\"async\" width=\"1024\" height=\"682\" src=\"https:\/\/entomoteca.web.uma.pt\/wp-content\/uploads\/2024\/03\/psl-1024x682.jpeg\" class=\"attachment-large size-large wp-image-2897\" alt=\"\" srcset=\"https:\/\/entomoteca.web.uma.pt\/wp-content\/uploads\/2024\/03\/psl-1024x682.jpeg 1024w, https:\/\/entomoteca.web.uma.pt\/wp-content\/uploads\/2024\/03\/psl-300x200.jpeg 300w, https:\/\/entomoteca.web.uma.pt\/wp-content\/uploads\/2024\/03\/psl-768x512.jpeg 768w, https:\/\/entomoteca.web.uma.pt\/wp-content\/uploads\/2024\/03\/psl-1536x1023.jpeg 1536w, https:\/\/entomoteca.web.uma.pt\/wp-content\/uploads\/2024\/03\/psl-18x12.jpeg 18w, https:\/\/entomoteca.web.uma.pt\/wp-content\/uploads\/2024\/03\/psl.jpeg 1600w\" sizes=\"(max-width: 1024px) 100vw, 1024px\" \/>\t\t\t\t\t\t\t\t\t\t\t\t\t\t\t<\/div>\n\t\t\t\t<\/div>\n\t\t\t\t<div class=\"elementor-element elementor-element-e328a0c elementor-widget elementor-widget-heading\" data-id=\"e328a0c\" data-element_type=\"widget\" data-widget_type=\"heading.default\">\n\t\t\t\t<div class=\"elementor-widget-container\">\n\t\t\t\t\t<h4 class=\"elementor-heading-title elementor-size-default\"><a href=\"https:\/\/entomoteca.web.uma.pt\/en\/biogeografia-insular\/\">Island Biogeography<\/a><\/h4>\t\t\t\t<\/div>\n\t\t\t\t<\/div>\n\t\t\t\t<div class=\"elementor-element elementor-element-df67295 elementor-widget elementor-widget-text-editor\" data-id=\"df67295\" data-element_type=\"widget\" data-widget_type=\"text-editor.default\">\n\t\t\t\t<div class=\"elementor-widget-container\">\n\t\t\t\t\t\t\t\t\t<p>Making the contribution of island studies known and understood.<\/p>\t\t\t\t\t\t\t\t<\/div>\n\t\t\t\t<\/div>\n\t\t\t\t\t<\/div>\n\t\t<\/div>\n\t\t\t\t<div class=\"elementor-column elementor-col-25 elementor-top-column elementor-element elementor-element-fce6e63\" data-id=\"fce6e63\" data-element_type=\"column\" data-settings=\"{&quot;background_background&quot;:&quot;gradient&quot;}\">\n\t\t\t<div class=\"elementor-widget-wrap elementor-element-populated\">\n\t\t\t\t\t\t<div class=\"elementor-element elementor-element-3114fbb elementor-widget elementor-widget-image\" data-id=\"3114fbb\" data-element_type=\"widget\" data-widget_type=\"image.default\">\n\t\t\t\t<div class=\"elementor-widget-container\">\n\t\t\t\t\t\t\t\t\t\t\t\t\t\t\t<img decoding=\"async\" width=\"1024\" height=\"683\" src=\"https:\/\/entomoteca.web.uma.pt\/wp-content\/uploads\/2022\/09\/IMG_9803_Easy-Resize.com_-1024x683.jpg\" class=\"attachment-large size-large wp-image-2686\" alt=\"\" srcset=\"https:\/\/entomoteca.web.uma.pt\/wp-content\/uploads\/2022\/09\/IMG_9803_Easy-Resize.com_-1024x683.jpg 1024w, https:\/\/entomoteca.web.uma.pt\/wp-content\/uploads\/2022\/09\/IMG_9803_Easy-Resize.com_-300x200.jpg 300w, https:\/\/entomoteca.web.uma.pt\/wp-content\/uploads\/2022\/09\/IMG_9803_Easy-Resize.com_-768x512.jpg 768w, https:\/\/entomoteca.web.uma.pt\/wp-content\/uploads\/2022\/09\/IMG_9803_Easy-Resize.com_-1536x1024.jpg 1536w, https:\/\/entomoteca.web.uma.pt\/wp-content\/uploads\/2022\/09\/IMG_9803_Easy-Resize.com_-18x12.jpg 18w, https:\/\/entomoteca.web.uma.pt\/wp-content\/uploads\/2022\/09\/IMG_9803_Easy-Resize.com_.jpg 2048w\" sizes=\"(max-width: 1024px) 100vw, 1024px\" \/>\t\t\t\t\t\t\t\t\t\t\t\t\t\t\t<\/div>\n\t\t\t\t<\/div>\n\t\t\t\t<div class=\"elementor-element elementor-element-dfba96c elementor-widget elementor-widget-heading\" data-id=\"dfba96c\" data-element_type=\"widget\" data-widget_type=\"heading.default\">\n\t\t\t\t<div class=\"elementor-widget-container\">\n\t\t\t\t\t<h4 class=\"elementor-heading-title elementor-size-default\"><a href=\"https:\/\/entomoteca.web.uma.pt\/en\/biossistematica\/\">Biosistematics<\/a><\/h4>\t\t\t\t<\/div>\n\t\t\t\t<\/div>\n\t\t\t\t<div class=\"elementor-element elementor-element-83c0b05 elementor-widget elementor-widget-text-editor\" data-id=\"83c0b05\" data-element_type=\"widget\" data-widget_type=\"text-editor.default\">\n\t\t\t\t<div class=\"elementor-widget-container\">\n\t\t\t\t\t\t\t\t\t<p>Teaching and understanding the contribution of taxonomy to the study of biological diversity and to know how to apply it to basic concepts.<\/p>\t\t\t\t\t\t\t\t<\/div>\n\t\t\t\t<\/div>\n\t\t\t\t\t<\/div>\n\t\t<\/div>\n\t\t\t\t<div class=\"elementor-column elementor-col-25 elementor-top-column elementor-element elementor-element-5d492a3\" data-id=\"5d492a3\" data-element_type=\"column\" data-settings=\"{&quot;background_background&quot;:&quot;gradient&quot;}\">\n\t\t\t<div class=\"elementor-widget-wrap elementor-element-populated\">\n\t\t\t\t\t\t<div class=\"elementor-element elementor-element-5f5f95b elementor-widget elementor-widget-image\" data-id=\"5f5f95b\" data-element_type=\"widget\" data-widget_type=\"image.default\">\n\t\t\t\t<div class=\"elementor-widget-container\">\n\t\t\t\t\t\t\t\t\t\t\t\t\t\t\t<img decoding=\"async\" width=\"1024\" height=\"682\" src=\"https:\/\/entomoteca.web.uma.pt\/wp-content\/uploads\/2024\/03\/bombus-1024x682.jpeg\" class=\"attachment-large size-large wp-image-2905\" alt=\"\" srcset=\"https:\/\/entomoteca.web.uma.pt\/wp-content\/uploads\/2024\/03\/bombus-1024x682.jpeg 1024w, https:\/\/entomoteca.web.uma.pt\/wp-content\/uploads\/2024\/03\/bombus-300x200.jpeg 300w, https:\/\/entomoteca.web.uma.pt\/wp-content\/uploads\/2024\/03\/bombus-768x512.jpeg 768w, https:\/\/entomoteca.web.uma.pt\/wp-content\/uploads\/2024\/03\/bombus-1536x1023.jpeg 1536w, https:\/\/entomoteca.web.uma.pt\/wp-content\/uploads\/2024\/03\/bombus-18x12.jpeg 18w, https:\/\/entomoteca.web.uma.pt\/wp-content\/uploads\/2024\/03\/bombus.jpeg 1600w\" sizes=\"(max-width: 1024px) 100vw, 1024px\" \/>\t\t\t\t\t\t\t\t\t\t\t\t\t\t\t<\/div>\n\t\t\t\t<\/div>\n\t\t\t\t<div class=\"elementor-element elementor-element-436ae7a elementor-widget elementor-widget-heading\" data-id=\"436ae7a\" data-element_type=\"widget\" data-widget_type=\"heading.default\">\n\t\t\t\t<div class=\"elementor-widget-container\">\n\t\t\t\t\t<h4 class=\"elementor-heading-title elementor-size-default\"><a href=\"https:\/\/entomoteca.web.uma.pt\/en\/fauna-terrestre\/\">Terrestrial Fauna<\/a><\/h4>\t\t\t\t<\/div>\n\t\t\t\t<\/div>\n\t\t\t\t<div class=\"elementor-element elementor-element-04d863e elementor-widget elementor-widget-text-editor\" data-id=\"04d863e\" data-element_type=\"widget\" data-widget_type=\"text-editor.default\">\n\t\t\t\t<div class=\"elementor-widget-container\">\n\t\t\t\t\t\t\t\t\t<p><span style=\"font-family: 'PT Sans',sans-serif; color: #333333;\">Introducing and identify the main groups of terrestrial invertebrates and vertebrates.<\/span><\/p>\t\t\t\t\t\t\t\t<\/div>\n\t\t\t\t<\/div>\n\t\t\t\t\t<\/div>\n\t\t<\/div>\n\t\t\t\t<div class=\"elementor-column elementor-col-25 elementor-top-column elementor-element elementor-element-06b1e4a\" data-id=\"06b1e4a\" data-element_type=\"column\" data-settings=\"{&quot;background_background&quot;:&quot;gradient&quot;}\">\n\t\t\t<div class=\"elementor-widget-wrap elementor-element-populated\">\n\t\t\t\t\t\t<div class=\"elementor-element elementor-element-d754237 elementor-widget elementor-widget-image\" data-id=\"d754237\" data-element_type=\"widget\" data-widget_type=\"image.default\">\n\t\t\t\t<div class=\"elementor-widget-container\">\n\t\t\t\t\t\t\t\t\t\t\t\t\t\t\t<img loading=\"lazy\" decoding=\"async\" width=\"1024\" height=\"682\" src=\"https:\/\/entomoteca.web.uma.pt\/wp-content\/uploads\/2024\/03\/scripta-1024x682.jpeg\" class=\"attachment-large size-large wp-image-2904\" alt=\"\" srcset=\"https:\/\/entomoteca.web.uma.pt\/wp-content\/uploads\/2024\/03\/scripta-1024x682.jpeg 1024w, https:\/\/entomoteca.web.uma.pt\/wp-content\/uploads\/2024\/03\/scripta-300x200.jpeg 300w, https:\/\/entomoteca.web.uma.pt\/wp-content\/uploads\/2024\/03\/scripta-768x512.jpeg 768w, https:\/\/entomoteca.web.uma.pt\/wp-content\/uploads\/2024\/03\/scripta-1536x1023.jpeg 1536w, https:\/\/entomoteca.web.uma.pt\/wp-content\/uploads\/2024\/03\/scripta-18x12.jpeg 18w, https:\/\/entomoteca.web.uma.pt\/wp-content\/uploads\/2024\/03\/scripta.jpeg 1600w\" sizes=\"(max-width: 1024px) 100vw, 1024px\" \/>\t\t\t\t\t\t\t\t\t\t\t\t\t\t\t<\/div>\n\t\t\t\t<\/div>\n\t\t\t\t<div class=\"elementor-element elementor-element-e6f2273 elementor-widget elementor-widget-heading\" data-id=\"e6f2273\" data-element_type=\"widget\" data-widget_type=\"heading.default\">\n\t\t\t\t<div class=\"elementor-widget-container\">\n\t\t\t\t\t<h4 class=\"elementor-heading-title elementor-size-default\"><a href=\"https:\/\/entomoteca.web.uma.pt\/en\/zoologia-i\/\">Zoologia I<\/a><\/h4>\t\t\t\t<\/div>\n\t\t\t\t<\/div>\n\t\t\t\t<div class=\"elementor-element elementor-element-425021f elementor-widget elementor-widget-text-editor\" data-id=\"425021f\" data-element_type=\"widget\" data-widget_type=\"text-editor.default\">\n\t\t\t\t<div class=\"elementor-widget-container\">\n\t\t\t\t\t\t\t\t\t<p>Providing understanding and knowledge of zoological concepts and terms, the main groups of animals and their evolutionary relationships, the adaptations of animals to the various ecosystems.<\/p>\t\t\t\t\t\t\t\t<\/div>\n\t\t\t\t<\/div>\n\t\t\t\t\t<\/div>\n\t\t<\/div>\n\t\t\t\t\t<\/div>\n\t\t<\/section>\n\t\t\t\t<section class=\"elementor-section elementor-top-section elementor-element elementor-element-6d062e5 elementor-section-boxed elementor-section-height-default elementor-section-height-default\" data-id=\"6d062e5\" data-element_type=\"section\">\n\t\t\t\t\t\t<div class=\"elementor-container elementor-column-gap-default\">\n\t\t\t\t\t<div class=\"elementor-column elementor-col-25 elementor-top-column elementor-element elementor-element-104cbb2\" data-id=\"104cbb2\" data-element_type=\"column\">\n\t\t\t<div class=\"elementor-widget-wrap\">\n\t\t\t\t\t\t\t<\/div>\n\t\t<\/div>\n\t\t\t\t<div class=\"elementor-column elementor-col-25 elementor-top-column elementor-element elementor-element-4ab0db5\" data-id=\"4ab0db5\" data-element_type=\"column\">\n\t\t\t<div class=\"elementor-widget-wrap\">\n\t\t\t\t\t\t\t<\/div>\n\t\t<\/div>\n\t\t\t\t<div class=\"elementor-column elementor-col-25 elementor-top-column elementor-element elementor-element-2841a03\" data-id=\"2841a03\" data-element_type=\"column\">\n\t\t\t<div class=\"elementor-widget-wrap\">\n\t\t\t\t\t\t\t<\/div>\n\t\t<\/div>\n\t\t\t\t<div class=\"elementor-column elementor-col-25 elementor-top-column elementor-element elementor-element-b6e9cca\" data-id=\"b6e9cca\" data-element_type=\"column\">\n\t\t\t<div class=\"elementor-widget-wrap\">\n\t\t\t\t\t\t\t<\/div>\n\t\t<\/div>\n\t\t\t\t\t<\/div>\n\t\t<\/section>\n\t\t\t\t<\/div>","protected":false},"excerpt":{"rendered":"<p>Educa\u00e7\u00e3o A cole\u00e7\u00e3o pedag\u00f3gica da Universidade da Madeira \u00e9 uma ferramenta de apoio essencial a algumas unidades curriculares do 1\u00ba Ciclo em Biologia na UMa e ao Curso T\u00e9cnico Superior Profissional em Guias da Natureza. Esta cole\u00e7\u00e3o conta com a contribui\u00e7\u00e3o ativa dos alunos que as frequentam, atrav\u00e9s de pequenas cole\u00e7\u00f5es de insetos. Conhe\u00e7a o &hellip;<\/p>\n<p class=\"read-more\"> <a class=\"\" href=\"https:\/\/entomoteca.web.uma.pt\/en\/ensino\/\"> <span class=\"screen-reader-text\">Teaching<\/span> Read More &raquo;<\/a><\/p>","protected":false},"author":1,"featured_media":0,"parent":0,"menu_order":0,"comment_status":"closed","ping_status":"closed","template":"","meta":{"_eb_attr":"","site-sidebar-layout":"default","site-content-layout":"default","ast-global-header-display":"","ast-main-header-display":"","ast-hfb-above-header-display":"","ast-hfb-below-header-display":"","ast-hfb-mobile-header-display":"","site-post-title":"","ast-breadcrumbs-content":"","ast-featured-img":"","footer-sml-layout":"","theme-transparent-header-meta":"","adv-header-id-meta":"","stick-header-meta":"","header-above-stick-meta":"","header-main-stick-meta":"","header-below-stick-meta":"","footnotes":""},"class_list":["post-514","page","type-page","status-publish","hentry"],"_links":{"self":[{"href":"https:\/\/entomoteca.web.uma.pt\/en\/wp-json\/wp\/v2\/pages\/514","targetHints":{"allow":["GET"]}}],"collection":[{"href":"https:\/\/entomoteca.web.uma.pt\/en\/wp-json\/wp\/v2\/pages"}],"about":[{"href":"https:\/\/entomoteca.web.uma.pt\/en\/wp-json\/wp\/v2\/types\/page"}],"author":[{"embeddable":true,"href":"https:\/\/entomoteca.web.uma.pt\/en\/wp-json\/wp\/v2\/users\/1"}],"replies":[{"embeddable":true,"href":"https:\/\/entomoteca.web.uma.pt\/en\/wp-json\/wp\/v2\/comments?post=514"}],"version-history":[{"count":37,"href":"https:\/\/entomoteca.web.uma.pt\/en\/wp-json\/wp\/v2\/pages\/514\/revisions"}],"predecessor-version":[{"id":3073,"href":"https:\/\/entomoteca.web.uma.pt\/en\/wp-json\/wp\/v2\/pages\/514\/revisions\/3073"}],"wp:attachment":[{"href":"https:\/\/entomoteca.web.uma.pt\/en\/wp-json\/wp\/v2\/media?parent=514"}],"curies":[{"name":"wp","href":"https:\/\/api.w.org\/{rel}","templated":true}]}}