{"id":901,"date":"2021-03-07T18:05:51","date_gmt":"2021-03-07T18:05:51","guid":{"rendered":"https:\/\/entomoteca.web.uma.pt\/?page_id=901"},"modified":"2023-07-12T22:59:58","modified_gmt":"2023-07-12T22:59:58","slug":"projeto-insetos-da-madeira","status":"publish","type":"page","link":"https:\/\/entomoteca.web.uma.pt\/en\/projeto-insetos-da-madeira\/","title":{"rendered":"Projeto &#8220;Insetos da Madeira&#8221;"},"content":{"rendered":"<div data-elementor-type=\"wp-page\" data-elementor-id=\"901\" class=\"elementor elementor-901\">\n\t\t\t\t\t\t<section class=\"elementor-section elementor-top-section elementor-element elementor-element-205007a elementor-section-boxed elementor-section-height-default elementor-section-height-default\" data-id=\"205007a\" data-element_type=\"section\">\n\t\t\t\t\t\t<div class=\"elementor-container elementor-column-gap-default\">\n\t\t\t\t\t<div class=\"elementor-column elementor-col-100 elementor-top-column elementor-element elementor-element-a0c14a8\" data-id=\"a0c14a8\" data-element_type=\"column\">\n\t\t\t<div class=\"elementor-widget-wrap elementor-element-populated\">\n\t\t\t\t\t\t<div class=\"elementor-element elementor-element-b22db2d elementor-widget elementor-widget-heading\" data-id=\"b22db2d\" data-element_type=\"widget\" data-widget_type=\"heading.default\">\n\t\t\t\t<div class=\"elementor-widget-container\">\n\t\t\t\t\t<h2 class=\"elementor-heading-title elementor-size-default\">Project \"Insects of Madeira\"<\/h2>\t\t\t\t<\/div>\n\t\t\t\t<\/div>\n\t\t\t\t\t<\/div>\n\t\t<\/div>\n\t\t\t\t\t<\/div>\n\t\t<\/section>\n\t\t\t\t<section class=\"elementor-section elementor-top-section elementor-element elementor-element-3382900 elementor-section-full_width elementor-section-height-default elementor-section-height-default\" data-id=\"3382900\" data-element_type=\"section\">\n\t\t\t\t\t\t<div class=\"elementor-container elementor-column-gap-default\">\n\t\t\t\t\t<div class=\"elementor-column elementor-col-33 elementor-top-column elementor-element elementor-element-8a475de\" data-id=\"8a475de\" data-element_type=\"column\">\n\t\t\t<div class=\"elementor-widget-wrap elementor-element-populated\">\n\t\t\t\t\t\t<div class=\"elementor-element elementor-element-7883c90 elementor-widget elementor-widget-image\" data-id=\"7883c90\" data-element_type=\"widget\" data-widget_type=\"image.default\">\n\t\t\t\t<div class=\"elementor-widget-container\">\n\t\t\t\t\t\t\t\t\t\t\t\t\t\t\t<img fetchpriority=\"high\" decoding=\"async\" width=\"1024\" height=\"818\" src=\"https:\/\/entomoteca.web.uma.pt\/wp-content\/uploads\/2021\/03\/Pseudoescorpiao-a.jpg\" class=\"attachment-large size-large wp-image-904\" alt=\"\" \/>\t\t\t\t\t\t\t\t\t\t\t\t\t\t\t<\/div>\n\t\t\t\t<\/div>\n\t\t\t\t\t<\/div>\n\t\t<\/div>\n\t\t\t\t<div class=\"elementor-column elementor-col-33 elementor-top-column elementor-element elementor-element-82b6967\" data-id=\"82b6967\" data-element_type=\"column\">\n\t\t\t<div class=\"elementor-widget-wrap elementor-element-populated\">\n\t\t\t\t\t\t<div class=\"elementor-element elementor-element-87fcaf0 elementor-widget elementor-widget-image\" data-id=\"87fcaf0\" data-element_type=\"widget\" data-widget_type=\"image.default\">\n\t\t\t\t<div class=\"elementor-widget-container\">\n\t\t\t\t\t\t\t\t\t\t\t\t\t\t\t<img decoding=\"async\" width=\"1536\" height=\"1227\" src=\"https:\/\/entomoteca.web.uma.pt\/wp-content\/uploads\/2021\/03\/redimensionada.jpg\" class=\"attachment-1536x1536 size-1536x1536 wp-image-907\" alt=\"\" \/>\t\t\t\t\t\t\t\t\t\t\t\t\t\t\t<\/div>\n\t\t\t\t<\/div>\n\t\t\t\t\t<\/div>\n\t\t<\/div>\n\t\t\t\t<div class=\"elementor-column elementor-col-33 elementor-top-column elementor-element elementor-element-7d47b4e\" data-id=\"7d47b4e\" data-element_type=\"column\">\n\t\t\t<div class=\"elementor-widget-wrap elementor-element-populated\">\n\t\t\t\t\t\t<div class=\"elementor-element elementor-element-6d1d6d2 elementor-widget elementor-widget-image\" data-id=\"6d1d6d2\" data-element_type=\"widget\" data-widget_type=\"image.default\">\n\t\t\t\t<div class=\"elementor-widget-container\">\n\t\t\t\t\t\t\t\t\t\t\t\t\t\t\t<img decoding=\"async\" width=\"1024\" height=\"818\" src=\"https:\/\/entomoteca.web.uma.pt\/wp-content\/uploads\/2021\/03\/delph-femea-lado-18052002.jpg\" class=\"attachment-large size-large wp-image-906\" alt=\"\" \/>\t\t\t\t\t\t\t\t\t\t\t\t\t\t\t<\/div>\n\t\t\t\t<\/div>\n\t\t\t\t\t<\/div>\n\t\t<\/div>\n\t\t\t\t\t<\/div>\n\t\t<\/section>\n\t\t\t\t<section class=\"elementor-section elementor-top-section elementor-element elementor-element-41bb125 elementor-section-boxed elementor-section-height-default elementor-section-height-default\" data-id=\"41bb125\" data-element_type=\"section\">\n\t\t\t\t\t\t<div class=\"elementor-container elementor-column-gap-default\">\n\t\t\t\t\t<div class=\"elementor-column elementor-col-100 elementor-top-column elementor-element elementor-element-2ba4e68\" data-id=\"2ba4e68\" data-element_type=\"column\">\n\t\t\t<div class=\"elementor-widget-wrap elementor-element-populated\">\n\t\t\t\t\t\t<div class=\"elementor-element elementor-element-909658d elementor-widget elementor-widget-text-editor\" data-id=\"909658d\" data-element_type=\"widget\" data-widget_type=\"text-editor.default\">\n\t\t\t\t<div class=\"elementor-widget-container\">\n\t\t\t\t\t\t\t\t\t<p>Os insetos desempenham in\u00fameras fun\u00e7\u00f5es essenciais na nossa vida e sem eles estar\u00edamos em perigo devido ao colapso dos ecossistemas! No arquip\u00e9lago da Madeira existem aproximadamente 3500 esp\u00e9cies de insetos que constituem 70 % de todos os seres vivos terrestres. Destas, cerca de 900 s\u00e3o \u00fanicas da nossa ilha, o que faz da Madeira uma das ilhas com maior biodiversidade no mundo e com uma riqueza natural excecional no pa\u00eds. Existem, no entanto, in\u00fameras esp\u00e9cies por descobrir e das conhecidas, pouco se sabe. Sem informa\u00e7\u00e3o, estas esp\u00e9cies poder\u00e3o extinguir-se mesmo antes de serem conhecidas. Por\u00e9m, o processo de descoberta \u00e9 colossal e s\u00f3 pode ser realizado com o contributo de todos!<\/p>\t\t\t\t\t\t\t\t<\/div>\n\t\t\t\t<\/div>\n\t\t\t\t\t<\/div>\n\t\t<\/div>\n\t\t\t\t\t<\/div>\n\t\t<\/section>\n\t\t\t\t<section class=\"elementor-section elementor-top-section elementor-element elementor-element-6ff109f elementor-section-boxed elementor-section-height-default elementor-section-height-default\" data-id=\"6ff109f\" data-element_type=\"section\">\n\t\t\t\t\t\t<div class=\"elementor-container elementor-column-gap-default\">\n\t\t\t\t\t<div class=\"elementor-column elementor-col-33 elementor-top-column elementor-element elementor-element-27e0ee1\" data-id=\"27e0ee1\" data-element_type=\"column\">\n\t\t\t<div class=\"elementor-widget-wrap elementor-element-populated\">\n\t\t\t\t\t\t<div class=\"elementor-element elementor-element-58c8f03 elementor-widget elementor-widget-image\" data-id=\"58c8f03\" data-element_type=\"widget\" data-widget_type=\"image.default\">\n\t\t\t\t<div class=\"elementor-widget-container\">\n\t\t\t\t\t\t\t\t\t\t\t\t\t\t\t<img loading=\"lazy\" decoding=\"async\" width=\"2560\" height=\"2560\" src=\"https:\/\/entomoteca.web.uma.pt\/wp-content\/uploads\/2023\/07\/target-icon-vector-illustration-scaled.jpg\" class=\"attachment-full size-full wp-image-2814\" alt=\"\" \/>\t\t\t\t\t\t\t\t\t\t\t\t\t\t\t<\/div>\n\t\t\t\t<\/div>\n\t\t\t\t\t<\/div>\n\t\t<\/div>\n\t\t\t\t<div class=\"elementor-column elementor-col-66 elementor-top-column elementor-element elementor-element-6215a9e\" data-id=\"6215a9e\" data-element_type=\"column\">\n\t\t\t<div class=\"elementor-widget-wrap elementor-element-populated\">\n\t\t\t\t\t\t<div class=\"elementor-element elementor-element-3419352 elementor-widget elementor-widget-heading\" data-id=\"3419352\" data-element_type=\"widget\" data-widget_type=\"heading.default\">\n\t\t\t\t<div class=\"elementor-widget-container\">\n\t\t\t\t\t<h2 class=\"elementor-heading-title elementor-size-default\">Objetivo do projeto<\/h2>\t\t\t\t<\/div>\n\t\t\t\t<\/div>\n\t\t\t\t<div class=\"elementor-element elementor-element-b05db8b elementor-widget elementor-widget-text-editor\" data-id=\"b05db8b\" data-element_type=\"widget\" data-widget_type=\"text-editor.default\">\n\t\t\t\t<div class=\"elementor-widget-container\">\n\t\t\t\t\t\t\t\t\t<p>Com o principal objetivo de conhecer melhor o patrim\u00f3nio natural madeirense, o projeto\u00a0Insetos da Madeira<b>\u00a0<\/b>pretende sensibilizar a popula\u00e7\u00e3o para a import\u00e2ncia dos insetos e envolv\u00ea-la nesta \u00e1rdua tarefa, de uma forma f\u00e1cil e divertida.\u00a0<span style=\"background-color: var(--ast-global-color-5); font-style: inherit; font-weight: inherit;\">Para participar basta tirar fotos dos insetos que encontra no seu dia-a-dia!\u00a0<\/span><span style=\"font-style: inherit; font-weight: inherit; background-color: var(--ast-global-color-5);\">Junte-se ao projeto e venha dar o seu contributo!<\/span><\/p>\t\t\t\t\t\t\t\t<\/div>\n\t\t\t\t<\/div>\n\t\t\t\t\t<\/div>\n\t\t<\/div>\n\t\t\t\t\t<\/div>\n\t\t<\/section>\n\t\t\t\t<section class=\"elementor-section elementor-top-section elementor-element elementor-element-93545fe elementor-section-boxed elementor-section-height-default elementor-section-height-default\" data-id=\"93545fe\" data-element_type=\"section\">\n\t\t\t\t\t\t<div class=\"elementor-container elementor-column-gap-default\">\n\t\t\t\t\t<div class=\"elementor-column elementor-col-100 elementor-top-column elementor-element elementor-element-7eedc95\" data-id=\"7eedc95\" data-element_type=\"column\">\n\t\t\t<div class=\"elementor-widget-wrap elementor-element-populated\">\n\t\t\t\t\t\t<div class=\"elementor-element elementor-element-d0b5d87 elementor-align-right elementor-widget__width-initial elementor-widget elementor-widget-button\" data-id=\"d0b5d87\" data-element_type=\"widget\" data-widget_type=\"button.default\">\n\t\t\t\t<div class=\"elementor-widget-container\">\n\t\t\t\t\t\t\t\t\t<div class=\"elementor-button-wrapper\">\n\t\t\t\t\t<a class=\"elementor-button elementor-button-link elementor-size-md\" href=\"https:\/\/entomoteca.web.uma.pt\/en\/insetos-da-madeira\/\">\n\t\t\t\t\t\t<span class=\"elementor-button-content-wrapper\">\n\t\t\t\t\t\t\t\t\t<span class=\"elementor-button-text\">Back<\/span>\n\t\t\t\t\t<\/span>\n\t\t\t\t\t<\/a>\n\t\t\t\t<\/div>\n\t\t\t\t\t\t\t\t<\/div>\n\t\t\t\t<\/div>\n\t\t\t\t\t<\/div>\n\t\t<\/div>\n\t\t\t\t\t<\/div>\n\t\t<\/section>\n\t\t\t\t<\/div>","protected":false},"excerpt":{"rendered":"<p>Projeto &#8220;Insetos da Madeira&#8221; Os insetos desempenham in\u00fameras fun\u00e7\u00f5es essenciais na nossa vida e sem eles estar\u00edamos em perigo devido ao colapso dos ecossistemas! No arquip\u00e9lago da Madeira existem aproximadamente 3500 esp\u00e9cies de insetos que constituem 70 % de todos os seres vivos terrestres. Destas, cerca de 900 s\u00e3o \u00fanicas da nossa ilha, o que &hellip;<\/p>\n<p class=\"read-more\"> <a class=\"\" href=\"https:\/\/entomoteca.web.uma.pt\/en\/projeto-insetos-da-madeira\/\"> <span class=\"screen-reader-text\">Projeto &#8220;Insetos da Madeira&#8221;<\/span> Read More &raquo;<\/a><\/p>","protected":false},"author":1,"featured_media":0,"parent":0,"menu_order":0,"comment_status":"closed","ping_status":"closed","template":"","meta":{"_eb_attr":"","site-sidebar-layout":"default","site-content-layout":"default","ast-global-header-display":"","ast-main-header-display":"","ast-hfb-above-header-display":"","ast-hfb-below-header-display":"","ast-hfb-mobile-header-display":"","site-post-title":"","ast-breadcrumbs-content":"","ast-featured-img":"","footer-sml-layout":"","theme-transparent-header-meta":"","adv-header-id-meta":"","stick-header-meta":"","header-above-stick-meta":"","header-main-stick-meta":"","header-below-stick-meta":"","footnotes":""},"class_list":["post-901","page","type-page","status-publish","hentry"],"_links":{"self":[{"href":"https:\/\/entomoteca.web.uma.pt\/en\/wp-json\/wp\/v2\/pages\/901","targetHints":{"allow":["GET"]}}],"collection":[{"href":"https:\/\/entomoteca.web.uma.pt\/en\/wp-json\/wp\/v2\/pages"}],"about":[{"href":"https:\/\/entomoteca.web.uma.pt\/en\/wp-json\/wp\/v2\/types\/page"}],"author":[{"embeddable":true,"href":"https:\/\/entomoteca.web.uma.pt\/en\/wp-json\/wp\/v2\/users\/1"}],"replies":[{"embeddable":true,"href":"https:\/\/entomoteca.web.uma.pt\/en\/wp-json\/wp\/v2\/comments?post=901"}],"version-history":[{"count":27,"href":"https:\/\/entomoteca.web.uma.pt\/en\/wp-json\/wp\/v2\/pages\/901\/revisions"}],"predecessor-version":[{"id":2833,"href":"https:\/\/entomoteca.web.uma.pt\/en\/wp-json\/wp\/v2\/pages\/901\/revisions\/2833"}],"wp:attachment":[{"href":"https:\/\/entomoteca.web.uma.pt\/en\/wp-json\/wp\/v2\/media?parent=901"}],"curies":[{"name":"wp","href":"https:\/\/api.w.org\/{rel}","templated":true}]}}